{"id":3,"date":"2024-01-26T11:06:45","date_gmt":"2024-01-26T08:06:45","guid":{"rendered":"https:\/\/alimkids.net\/?page_id=3"},"modified":"2024-03-08T14:19:18","modified_gmt":"2024-03-08T11:19:18","slug":"gizlilik-ilkesi","status":"publish","type":"page","link":"https:\/\/alimkids.net\/tr\/gizlilik-ilkesi\/","title":{"rendered":"Gizlilik Politikas\u0131"},"content":{"rendered":"<div data-elementor-type=\"wp-page\" data-elementor-id=\"3\" class=\"elementor elementor-3\">\n\t\t\t\t\t\t\t\t\t<section class=\"wd-negative-gap elementor-section elementor-top-section elementor-element elementor-element-3f60f1ab elementor-section-boxed elementor-section-height-default elementor-section-height-default wd-section-disabled\" data-id=\"3f60f1ab\" data-element_type=\"section\">\n\t\t\t\t\t\t<div class=\"elementor-container elementor-column-gap-default\">\n\t\t\t\t\t<div class=\"elementor-column elementor-col-100 elementor-top-column elementor-element elementor-element-4a5da89a\" data-id=\"4a5da89a\" data-element_type=\"column\">\n\t\t\t<div class=\"elementor-widget-wrap elementor-element-populated\">\n\t\t\t\t\t\t\t\t<div class=\"elementor-element elementor-element-343feed color-scheme-inherit text-left elementor-widget elementor-widget-text-editor\" data-id=\"343feed\" data-element_type=\"widget\" data-widget_type=\"text-editor.default\">\n\t\t\t\t<div class=\"elementor-widget-container\">\n\t\t\t<style>\/*! elementor - v3.18.0 - 20-12-2023 *\/\n.elementor-widget-text-editor.elementor-drop-cap-view-stacked .elementor-drop-cap{background-color:#69727d;color:#fff}.elementor-widget-text-editor.elementor-drop-cap-view-framed .elementor-drop-cap{color:#69727d;border:3px solid;background-color:transparent}.elementor-widget-text-editor:not(.elementor-drop-cap-view-default) .elementor-drop-cap{margin-top:8px}.elementor-widget-text-editor:not(.elementor-drop-cap-view-default) .elementor-drop-cap-letter{width:1em;height:1em}.elementor-widget-text-editor .elementor-drop-cap{float:left;text-align:center;line-height:1;font-size:50px}.elementor-widget-text-editor .elementor-drop-cap-letter{display:inline-block}<\/style>\t\t\t\t<p>\u015eehit \u00c7etin G\u00f6rg\u00fc Sokak No:10\/5 06570 Maltepe-ANKARA adresinde mukim Goldsoft Yaz\u0131l\u0131m Bilgi \u0130\u015flem \u0130leti\u015fim Teknolojileri ve E\u011fitim Hiz. San.Tic.Ltd.\u015eti., kullan\u0131c\u0131lar\u0131n www.goldsoft.com.tr (\u201cWebsitesi\u201d) \u00fczerinden ilettikleri ki\u015fisel bilgilerini, Gizlilik Politikas\u0131 ile belirlenen ama\u00e7lar ve kapsam d\u0131\u015f\u0131nda kullanmayacak, ayr\u0131ca izinsiz olarak \u00fc\u00e7\u00fcnc\u00fc ki\u015filerle payla\u015fmayacakt\u0131r. . Bununla beraber kullan\u0131c\u0131, payla\u015fm\u0131\u015f oldu\u011fu bilgilerinin kendisine \u00f6zel avantajlar\u0131n sunulabilmesi, sat\u0131\u015f, pazarlama ve benzer ama\u00e7l\u0131 her t\u00fcrl\u00fc ileti\u015fim faaliyetlerinin bildirimi maksatlar\u0131yla, t\u00fcm Do\u011fu\u015f Holding i\u015ftirakleri ile de payla\u015f\u0131m\u0131na izin vermektedir. (Do\u011fu\u015f Holding i\u015ftirakleri hakk\u0131nda detayl\u0131 bilgi i\u00e7in; www.dogusgrubu.com.tr)<br \/>Ki\u015fisel bilgiler; ad soyad, do\u011fum tarihi, ev adresi, mobil ve sabit telefon numaras\u0131, e-posta adresi gibi kullan\u0131c\u0131y\u0131 do\u011frudan ya da dolayl\u0131 olarak tan\u0131mlamaya y\u00f6nelik her t\u00fcrl\u00fc ki\u015fisel bilgiyi i\u00e7ermekte olup, k\u0131saca \u201cGizli Bilgiler\u201d olarak an\u0131lacakt\u0131r.<br \/>Goldsoft Yaz\u0131l\u0131m, ki\u015fisel bilgileri kendi b\u00fcnyesinde profilleme, istatistiksel \u00e7al\u0131\u015fmalar, reklam, tan\u0131t\u0131m, pazarlama ve sair ileti\u015fim faaliyetleri amac\u0131yla kullanabilecek ve sadece bu \u00e7al\u0131\u015fmalar\u0131n yap\u0131lmas\u0131 amac\u0131yla bilginiz dahilinde olan 3.ki\u015filer ile payla\u015fabilecektir.<br \/>Goldsoft Yaz\u0131l\u0131m, ki\u015fisel bilgileri kesinlikle gizli tutmay\u0131, bunu bir s\u0131r saklama y\u00fck\u00fcml\u00fcl\u00fc\u011f\u00fc olarak addetmeyi, gizlili\u011fin sa\u011flanmas\u0131 ve s\u00fcrd\u00fcr\u00fclmesi, gizli bilginin tamam\u0131n\u0131n veya herhangi bir k\u0131sm\u0131n\u0131n kamu alan\u0131na girmesini veya yetkisiz kullan\u0131m\u0131n\u0131 veya \u00fc\u00e7\u00fcnc\u00fc bir ki\u015fiye if\u015fas\u0131n\u0131 \u00f6nlemek i\u00e7in gerekli tedbirleri almay\u0131 ve gerekli \u00f6zeni g\u00f6stermeyi taahh\u00fct etmektedir. Goldsoft Yaz\u0131l\u0131m\u2019in gerekli bilgi g\u00fcvenli\u011fi \u00f6nlemlerini almas\u0131na kar\u015f\u0131n websitesine ve sisteme yap\u0131lan sald\u0131r\u0131lar sonucunda gizli bilgilerin zarar g\u00f6rmesi veya \u00fc\u00e7\u00fcnc\u00fc ki\u015filerin eline ge\u00e7mesi durumunda, Goldsoft Yaz\u0131l\u0131m\u2019in herhangi bir sorumlulu\u011fu olmayacakt\u0131r.<br \/>Goldsoft Yaz\u0131l\u0131m, kullan\u0131c\u0131lara ve kullan\u0131c\u0131lar\u0131n Web sitesinin kullan\u0131m\u0131na dair bilgileri, teknik bir ileti\u015fim dosyas\u0131n\u0131 (Kurabiye-Cookie) kullanarak elde edebilir. Ancak, kullan\u0131c\u0131lar dilerlerse teknik ileti\u015fim dosyas\u0131n\u0131n gelmemesi veya teknik ileti\u015fim dosyas\u0131 g\u00f6nderildi\u011finde ikaz verilmesini sa\u011flayacak bi\u00e7imde taray\u0131c\u0131 ayarlar\u0131n\u0131 de\u011fi\u015ftirebilirler.<br \/>Kullan\u0131c\u0131lar, \u00dcyelik\/Ki\u015fisel bilgilerini ve ileti\u015fim tercihlerini her zaman sisteme giri\u015f yaparak g\u00fcncelleyebilirler. Bu konuda taleplerinizi ayr\u0131ca Websitemizde yer alan ileti\u015fim bilgilerinden bize ula\u015farak da iletebilirsiniz. Talebiniz en k\u0131sa s\u00fcrede de\u011ferlendirilerek uygulamaya al\u0131nacakt\u0131r.<br \/>Goldsoft.com.tr\u2019dan promosyon ve duyuru mesaj\u0131 i\u00e7eren e-posta almak istemiyorsan\u0131z Hesab\u0131m sayfas\u0131ndaki Bilgilerim ba\u015fl\u0131\u011f\u0131 alt\u0131nda yer alan Bilgi G\u00fcncelle sekmesini t\u0131klay\u0131n. A\u00e7\u0131lan sayfada \u201cKampanyalardan e-posta yoluyla haberdar olmak istiyorum\u201d se\u00e7ene\u011finin yan\u0131ndaki i\u015fareti kald\u0131r\u0131n.<br \/>Her Kullan\u0131c\u0131, i\u015fbu Websitesini ziyaret ederek, i\u015fbu Gizlilik Politikas\u0131 h\u00fck\u00fcmlerini kabul etmi\u015f say\u0131lacakt\u0131r.<\/p>\t\t\t\t\t\t<\/div>\n\t\t\t\t<\/div>\n\t\t\t\t\t<\/div>\n\t\t<\/div>\n\t\t\t\t\t\t\t<\/div>\n\t\t<\/section>\n\t\t\t\t\t\t\t<\/div>","protected":false},"excerpt":{"rendered":"<p>\u015eehit \u00c7etin G\u00f6rg\u00fc Sokak No:10\/5 06570 Maltepe-ANKARA located at the address of Goldsoft Yaz\u0131l\u0131m Bili\u015fim \u0130leti\u015fim Teknolojileri ve E\u011fitim Hiz.<\/p>","protected":false},"author":1,"featured_media":0,"parent":0,"menu_order":0,"comment_status":"closed","ping_status":"open","template":"","meta":{"om_disable_all_campaigns":false,"_monsterinsights_skip_tracking":false,"_monsterinsights_sitenote_active":false,"_monsterinsights_sitenote_note":"","_monsterinsights_sitenote_category":0,"_joinchat":[],"footnotes":""},"class_list":["post-3","page","type-page","status-publish","hentry"],"aioseo_notices":[],"_links":{"self":[{"href":"https:\/\/alimkids.net\/tr\/wp-json\/wp\/v2\/pages\/3","targetHints":{"allow":["GET"]}}],"collection":[{"href":"https:\/\/alimkids.net\/tr\/wp-json\/wp\/v2\/pages"}],"about":[{"href":"https:\/\/alimkids.net\/tr\/wp-json\/wp\/v2\/types\/page"}],"author":[{"embeddable":true,"href":"https:\/\/alimkids.net\/tr\/wp-json\/wp\/v2\/users\/1"}],"replies":[{"embeddable":true,"href":"https:\/\/alimkids.net\/tr\/wp-json\/wp\/v2\/comments?post=3"}],"version-history":[{"count":4,"href":"https:\/\/alimkids.net\/tr\/wp-json\/wp\/v2\/pages\/3\/revisions"}],"predecessor-version":[{"id":9027,"href":"https:\/\/alimkids.net\/tr\/wp-json\/wp\/v2\/pages\/3\/revisions\/9027"}],"wp:attachment":[{"href":"https:\/\/alimkids.net\/tr\/wp-json\/wp\/v2\/media?parent=3"}],"curies":[{"name":"wp","href":"https:\/\/api.w.org\/{rel}","templated":true}]}}