{"id":9034,"date":"2024-03-08T13:55:40","date_gmt":"2024-03-08T10:55:40","guid":{"rendered":"https:\/\/alimkids.net\/?page_id=9034"},"modified":"2024-03-08T14:21:50","modified_gmt":"2024-03-08T11:21:50","slug":"warranty-and-return-conditions","status":"publish","type":"page","link":"https:\/\/alimkids.net\/tr\/warranty-and-return-conditions\/","title":{"rendered":"Garanti ve \u0130ade Ko\u015fullar\u0131"},"content":{"rendered":"<div data-elementor-type=\"wp-page\" data-elementor-id=\"9034\" class=\"elementor elementor-9034\">\n\t\t\t\t\t\t\t\t\t<section class=\"wd-negative-gap elementor-section elementor-top-section elementor-element elementor-element-75aa4626 elementor-section-boxed elementor-section-height-default elementor-section-height-default wd-section-disabled\" data-id=\"75aa4626\" data-element_type=\"section\">\n\t\t\t\t\t\t<div class=\"elementor-container elementor-column-gap-default\">\n\t\t\t\t\t<div class=\"elementor-column elementor-col-100 elementor-top-column elementor-element elementor-element-4833ca60\" data-id=\"4833ca60\" data-element_type=\"column\">\n\t\t\t<div class=\"elementor-widget-wrap elementor-element-populated\">\n\t\t\t\t\t\t\t\t<div class=\"elementor-element elementor-element-665ea2b2 color-scheme-inherit text-left elementor-widget elementor-widget-text-editor\" data-id=\"665ea2b2\" data-element_type=\"widget\" data-widget_type=\"text-editor.default\">\n\t\t\t\t<div class=\"elementor-widget-container\">\n\t\t\t<style>\/*! elementor - v3.18.0 - 20-12-2023 *\/\n.elementor-widget-text-editor.elementor-drop-cap-view-stacked .elementor-drop-cap{background-color:#69727d;color:#fff}.elementor-widget-text-editor.elementor-drop-cap-view-framed .elementor-drop-cap{color:#69727d;border:3px solid;background-color:transparent}.elementor-widget-text-editor:not(.elementor-drop-cap-view-default) .elementor-drop-cap{margin-top:8px}.elementor-widget-text-editor:not(.elementor-drop-cap-view-default) .elementor-drop-cap-letter{width:1em;height:1em}.elementor-widget-text-editor .elementor-drop-cap{float:left;text-align:center;line-height:1;font-size:50px}.elementor-widget-text-editor .elementor-drop-cap-letter{display:inline-block}<\/style>\t\t\t\t<p>Garanti Ko\u015fullar\u0131<\/p><p>T\u00fcm \u00fcr\u00fcnler aksi belirtilmedi\u011fi takdirde \u00fcretici firmalar\u0131n garantisi alt\u0131ndad\u0131r. Garanti ko\u015fullar\u0131n\u0131n ge\u00e7erli olabilmesi i\u00e7in kargo teslimat\u0131 esnas\u0131nda \u00fcr\u00fcn\u00fc mutlaka kontrol ediniz. Herhangi bir hasar g\u00f6rd\u00fc\u011f\u00fcn\u00fczde tutanak tutturarak \u00fcr\u00fcn\u00fc teslim almay\u0131n\u0131z. \u00dcr\u00fcn \u00fczerinde yap\u0131lan de\u011fi\u015fiklikler,\u00fcr\u00fcn\u00fcn deforme olmas\u0131 ya da \u00fcr\u00fcn\u00fcn orijinal dizayn\u0131n\u0131n bozulmas\u0131 garanti kapsam\u0131 d\u0131\u015f\u0131ndad\u0131r.<\/p><p>\u00dcr\u00fcn \u0130ade Ko\u015fullar\u0131<\/p><p>Sitemiz \u00fczerinden sat\u0131n ald\u0131\u011f\u0131n\u0131z \u00fcr\u00fcn\u00fcn hatal\u0131 \u00e7\u0131kmas\u0131 halinde teslimat tarihinden itibaren en ge\u00e7 7 g\u00fcn i\u00e7erisinde sayfam\u0131zdaki online destek b\u00f6l\u00fcm\u00fcnden bizimle ileti\u015fim kurman\u0131z gerekmektedir. Bu bilgileri takiben kargo \u015firketi ile bize ula\u015ft\u0131raca\u011f\u0131n\u0131z hatal\u0131 \u00fcr\u00fcn yenisi ile de\u011fi\u015ftirilecektir. Sipari\u015f edilen \u00fcr\u00fcn hatas\u0131 m\u00fc\u015fteri kullan\u0131m\u0131ndan olu\u015fmu\u015fsa veya 7 g\u00fcnl\u00fck s\u00fcre i\u00e7erisinde \u00fcr\u00fcn kullan\u0131lm\u0131\u015fsa \u00fcr\u00fcn\u00fcn iade ve de\u011fi\u015fimi yap\u0131lmaz. \u00dcr\u00fcn iadesi ve de\u011fi\u015ftirme \u015fartlar\u0131 olarak, 4077 say\u0131l\u0131 T\u00fcketicinin Korunmas\u0131 Hakk\u0131nda Kanun gere\u011fi uygulamalar esast\u0131r.<\/p>\t\t\t\t\t\t<\/div>\n\t\t\t\t<\/div>\n\t\t\t\t\t<\/div>\n\t\t<\/div>\n\t\t\t\t\t\t\t<\/div>\n\t\t<\/section>\n\t\t\t\t\t\t\t<\/div>","protected":false},"excerpt":{"rendered":"<p>Warranty conditions All products are under the warranty of the manufacturers unless otherwise stated. In order for the warranty conditions<\/p>","protected":false},"author":1,"featured_media":0,"parent":0,"menu_order":0,"comment_status":"closed","ping_status":"closed","template":"","meta":{"om_disable_all_campaigns":false,"_monsterinsights_skip_tracking":false,"_monsterinsights_sitenote_active":false,"_monsterinsights_sitenote_note":"","_monsterinsights_sitenote_category":0,"_joinchat":[],"footnotes":""},"class_list":["post-9034","page","type-page","status-publish","hentry"],"aioseo_notices":[],"_links":{"self":[{"href":"https:\/\/alimkids.net\/tr\/wp-json\/wp\/v2\/pages\/9034","targetHints":{"allow":["GET"]}}],"collection":[{"href":"https:\/\/alimkids.net\/tr\/wp-json\/wp\/v2\/pages"}],"about":[{"href":"https:\/\/alimkids.net\/tr\/wp-json\/wp\/v2\/types\/page"}],"author":[{"embeddable":true,"href":"https:\/\/alimkids.net\/tr\/wp-json\/wp\/v2\/users\/1"}],"replies":[{"embeddable":true,"href":"https:\/\/alimkids.net\/tr\/wp-json\/wp\/v2\/comments?post=9034"}],"version-history":[{"count":5,"href":"https:\/\/alimkids.net\/tr\/wp-json\/wp\/v2\/pages\/9034\/revisions"}],"predecessor-version":[{"id":9047,"href":"https:\/\/alimkids.net\/tr\/wp-json\/wp\/v2\/pages\/9034\/revisions\/9047"}],"wp:attachment":[{"href":"https:\/\/alimkids.net\/tr\/wp-json\/wp\/v2\/media?parent=9034"}],"curies":[{"name":"wp","href":"https:\/\/api.w.org\/{rel}","templated":true}]}}