{"id":9204,"date":"2024-08-22T14:26:17","date_gmt":"2024-08-22T11:26:17","guid":{"rendered":"https:\/\/alimkids.net\/?page_id=9204"},"modified":"2024-08-23T10:25:42","modified_gmt":"2024-08-23T07:25:42","slug":"alimkids-user-agreement","status":"publish","type":"page","link":"https:\/\/alimkids.net\/tr\/alimkids-user-agreement\/","title":{"rendered":"Alim \u00c7ocuk KULLANICI S\u00d6ZLE\u015eMES\u0130"},"content":{"rendered":"<div data-elementor-type=\"wp-page\" data-elementor-id=\"9204\" class=\"elementor elementor-9204\">\n\t\t\t\t\t\t\t<div class=\"elementor-element elementor-element-38928303 e-flex e-con-boxed e-con e-parent\" data-id=\"38928303\" data-element_type=\"container\" data-settings=\"{&quot;content_width&quot;:&quot;boxed&quot;}\" data-core-v316-plus=\"true\">\n\t\t\t\t\t<div class=\"e-con-inner\">\n\t\t\t\t<div class=\"elementor-element elementor-element-557c999d elementor-widget elementor-widget-heading\" data-id=\"557c999d\" data-element_type=\"widget\" data-widget_type=\"heading.default\">\n\t\t\t\t<div class=\"elementor-widget-container\">\n\t\t\t<style>\/*! elementor - v3.18.0 - 20-12-2023 *\/\n.elementor-heading-title{padding:0;margin:0;line-height:1}.elementor-widget-heading .elementor-heading-title[class*=elementor-size-]>a{color:inherit;font-size:inherit;line-height:inherit}.elementor-widget-heading .elementor-heading-title.elementor-size-small{font-size:15px}.elementor-widget-heading .elementor-heading-title.elementor-size-medium{font-size:19px}.elementor-widget-heading .elementor-heading-title.elementor-size-large{font-size:29px}.elementor-widget-heading .elementor-heading-title.elementor-size-xl{font-size:39px}.elementor-widget-heading .elementor-heading-title.elementor-size-xxl{font-size:59px}<\/style><h2 class=\"elementor-heading-title elementor-size-default\">Taraflar<\/h2>\t\t<\/div>\n\t\t\t\t<\/div>\n\t\t\t\t<div class=\"elementor-element elementor-element-5a726bd3 elementor-widget elementor-widget-wd_text_block\" data-id=\"5a726bd3\" data-element_type=\"widget\" data-widget_type=\"wd_text_block.default\">\n\t\t\t\t<div class=\"elementor-widget-container\">\n\t\t\t\t\t<div class=\"wd-text-block reset-last-child text-left\">\n\t\t\t\n\t\t\t<p style=\"text-align: left;\">\u0130\u015fbu s\u00f6zle\u015fme \u201cTeknopark Ankara Serhat Mah. \u0130OSB 2224. Cad. No:1 C-Blok Daire:214 Yenimahalle-ANKARA, adresinde mukim \u201cGoldsoft Yaz\u0131l\u0131m Bilgi \u0130\u015flem \u0130leti\u015fim Teknolojileri ve E\u011fitim Hiz. San.Tic.Ltd.\u015eti.\u201d (bundan b\u00f6yle \u201cGOLDSOFT\u201d olarak an\u0131lacakt\u0131r) ile Alim \u00c7ocuk uygulamalar\u0131ndan yararlanan Kullan\u0131c\u0131 ile kar\u015f\u0131l\u0131kl\u0131 olarak kabul edilerek y\u00fcr\u00fcrl\u00fc\u011fe girmi\u015ftir.<\/p><p style=\"text-align: left;\">Bu s\u00f6zle\u015fme mevcutta Alim \u00c7ocuk kullan\u0131c\u0131s\u0131 olan kisi veya kurumlar\u0131 ilgilendirir.<\/p><p style=\"text-align: left;\">Bu s\u00f6zle\u015fme Alim \u00c7ocuk Uygulamas\u0131n\u0131 kullanacak kullan\u0131c\u0131lar\u0131n Uygulamay\u0131 cihazlar\u0131na y\u00fcklemesi ile birlikte y\u00fcr\u00fcrl\u00fc\u011fe girmi\u015f olacakt\u0131r.<\/p><p style=\"text-align: left;\">Kullan\u0131c\u0131lar\u0131n Alim \u00c7ocuk Uygulamas\u0131ndan ayr\u0131lmak istemesi durumunda, uygulamay\u0131 kald\u0131rmas\u0131 yeterli olacakt\u0131r.<\/p>\n\t\t\t\t\t<\/div>\n\t\t\t\t<\/div>\n\t\t\t\t<\/div>\n\t\t\t\t\t<\/div>\n\t\t\t\t<\/div>\n\t\t<div class=\"elementor-element elementor-element-4177da29 e-flex e-con-boxed e-con e-parent\" data-id=\"4177da29\" data-element_type=\"container\" data-settings=\"{&quot;content_width&quot;:&quot;boxed&quot;}\" data-core-v316-plus=\"true\">\n\t\t\t\t\t<div class=\"e-con-inner\">\n\t\t\t\t<div class=\"elementor-element elementor-element-3ec4cc7f elementor-widget elementor-widget-heading\" data-id=\"3ec4cc7f\" data-element_type=\"widget\" data-widget_type=\"heading.default\">\n\t\t\t\t<div class=\"elementor-widget-container\">\n\t\t\t<h2 class=\"elementor-heading-title elementor-size-default\">Cihaz Bilgisi\u2019ne Eri\u015filmesi<\/h2>\t\t<\/div>\n\t\t\t\t<\/div>\n\t\t\t\t<div class=\"elementor-element elementor-element-5a904782 elementor-widget elementor-widget-wd_text_block\" data-id=\"5a904782\" data-element_type=\"widget\" data-widget_type=\"wd_text_block.default\">\n\t\t\t\t<div class=\"elementor-widget-container\">\n\t\t\t\t\t<div class=\"wd-text-block reset-last-child text-left\">\n\t\t\t\n\t\t\t<p style=\"text-align: left;\">Kullan\u0131c\u0131lar Uygulamay\u0131 y\u00fckleyerek giri\u015f yapt\u0131klar\u0131nda cihaz bilgilerine (cihaz\u0131n ekran\u0131n\u0131n a\u00e7\u0131k olup olmama, \u0130nternet eri\u015fimine dair bilgiler) ula\u015f\u0131labilecektir.<\/p>\n\t\t\t\t\t<\/div>\n\t\t\t\t<\/div>\n\t\t\t\t<\/div>\n\t\t\t\t\t<\/div>\n\t\t\t\t<\/div>\n\t\t<div class=\"elementor-element elementor-element-7433157b e-flex e-con-boxed e-con e-parent\" data-id=\"7433157b\" data-element_type=\"container\" data-settings=\"{&quot;content_width&quot;:&quot;boxed&quot;}\" data-core-v316-plus=\"true\">\n\t\t\t\t\t<div class=\"e-con-inner\">\n\t\t\t\t<div class=\"elementor-element elementor-element-2815d962 elementor-widget elementor-widget-heading\" data-id=\"2815d962\" data-element_type=\"widget\" data-widget_type=\"heading.default\">\n\t\t\t\t<div class=\"elementor-widget-container\">\n\t\t\t<h2 class=\"elementor-heading-title elementor-size-default\">Bilgilerin Kullan\u0131lmas\u0131<\/h2>\t\t<\/div>\n\t\t\t\t<\/div>\n\t\t\t\t<div class=\"elementor-element elementor-element-cb77e74 elementor-widget elementor-widget-wd_text_block\" data-id=\"cb77e74\" data-element_type=\"widget\" data-widget_type=\"wd_text_block.default\">\n\t\t\t\t<div class=\"elementor-widget-container\">\n\t\t\t\t\t<div class=\"wd-text-block reset-last-child text-left\">\n\t\t\t\n\t\t\t<p style=\"text-align: left;\">GOLDSOFT olarak Kullan\u0131c\u0131n\u0131n uygulama kullan\u0131m s\u00fcreleri boyunca hi\u00e7bir ki\u015fisel verisi taraf\u0131m\u0131za ait veri depolama alanlar\u0131nda tutulmamaktad\u0131r. Kullan\u0131c\u0131ya ait uygulama i\u00e7erisindeki bilgiler (tercihler) Kullan\u0131c\u0131n\u0131n tercihlerini s\u0131f\u0131rlamas\u0131, uygulamay\u0131 kald\u0131rmas\u0131 gibi aksiyonlar ile cihaz i\u00e7erisinden silinebilir.<\/p>\n\t\t\t\t\t<\/div>\n\t\t\t\t<\/div>\n\t\t\t\t<\/div>\n\t\t\t\t\t<\/div>\n\t\t\t\t<\/div>\n\t\t<div class=\"elementor-element elementor-element-362e32aa e-flex e-con-boxed e-con e-parent\" data-id=\"362e32aa\" data-element_type=\"container\" data-settings=\"{&quot;content_width&quot;:&quot;boxed&quot;}\" data-core-v316-plus=\"true\">\n\t\t\t\t\t<div class=\"e-con-inner\">\n\t\t\t\t<div class=\"elementor-element elementor-element-e4caed2 elementor-widget elementor-widget-heading\" data-id=\"e4caed2\" data-element_type=\"widget\" data-widget_type=\"heading.default\">\n\t\t\t\t<div class=\"elementor-widget-container\">\n\t\t\t<h2 class=\"elementor-heading-title elementor-size-default\">Bilgilerin Payla\u015f\u0131lmas\u0131<\/h2>\t\t<\/div>\n\t\t\t\t<\/div>\n\t\t\t\t<div class=\"elementor-element elementor-element-31f8ff8a elementor-widget elementor-widget-wd_text_block\" data-id=\"31f8ff8a\" data-element_type=\"widget\" data-widget_type=\"wd_text_block.default\">\n\t\t\t\t<div class=\"elementor-widget-container\">\n\t\t\t\t\t<div class=\"wd-text-block reset-last-child text-left\">\n\t\t\t\n\t\t\t<p style=\"text-align: left;\">GOLDSOFT olarak Uygulama i\u00e7erisindeki Kullan\u0131c\u0131ya ait bilgilerin hi\u00e7bir \u015fekilde taraf\u0131m\u0131za ait veri depolama alanlar\u0131nda tutulmad\u0131\u011f\u0131 a\u00e7\u0131klanm\u0131\u015ft\u0131r. \u0130\u015fbu s\u00f6zle\u015fmeye dayanarak kay\u0131t alt\u0131nda olmayan veriler \u00fc\u00e7\u00fcnc\u00fc taraflar ile payla\u015f\u0131lmayacakt\u0131r.<\/p>\n\t\t\t\t\t<\/div>\n\t\t\t\t<\/div>\n\t\t\t\t<\/div>\n\t\t\t\t\t<\/div>\n\t\t\t\t<\/div>\n\t\t<div class=\"elementor-element elementor-element-6536afa1 e-flex e-con-boxed e-con e-parent\" data-id=\"6536afa1\" data-element_type=\"container\" data-settings=\"{&quot;content_width&quot;:&quot;boxed&quot;}\" data-core-v316-plus=\"true\">\n\t\t\t\t\t<div class=\"e-con-inner\">\n\t\t\t\t<div class=\"elementor-element elementor-element-34ac52c0 elementor-widget elementor-widget-heading\" data-id=\"34ac52c0\" data-element_type=\"widget\" data-widget_type=\"heading.default\">\n\t\t\t\t<div class=\"elementor-widget-container\">\n\t\t\t<h2 class=\"elementor-heading-title elementor-size-default\">Kullan\u0131c\u0131 \u0130zinleri<\/h2>\t\t<\/div>\n\t\t\t\t<\/div>\n\t\t\t\t<div class=\"elementor-element elementor-element-40a6691a elementor-widget elementor-widget-wd_text_block\" data-id=\"40a6691a\" data-element_type=\"widget\" data-widget_type=\"wd_text_block.default\">\n\t\t\t\t<div class=\"elementor-widget-container\">\n\t\t\t\t\t<div class=\"wd-text-block reset-last-child text-left\">\n\t\t\t\n\t\t\t<p>Uygulaman\u0131n \u00f6zelliklerinin cihaz ile uyumlu \u00e7al\u0131\u015fabilmesi i\u00e7in Kullan\u0131c\u0131 taraf\u0131ndan onaylanmas\u0131 gereken ve onaylanmadan al\u0131nm\u0131\u015f izinlerdir.<\/p>\n<ul>\n<li><strong>\u0130nternet \u0130zni<\/strong><br \/>Bu izin uygulaman\u0131n \u00e7al\u0131\u015fmas\u0131 esnas\u0131nda kurumun merkezi sunucusu \u00fczerinde bulunan servislere eri\u015fimi i\u00e7in kullan\u0131l\u0131r. Bu eri\u015fim esnas\u0131nda kullan\u0131lacak olan internet ba\u011flant\u0131s\u0131 kullan\u0131c\u0131 sorumlulu\u011fundad\u0131r.<\/li>\n<li><strong>Depolama \u0130zni<\/strong><br \/>Bu izin cihaz\u0131n belle\u011finde uygulama i\u00e7erisinde kullan\u0131lan videolar\u0131n ve uygulamaya ait veri taban\u0131n\u0131n saklanmas\u0131na olanak verir.<\/li>\n<\/ul>\n\t\t\t\t\t<\/div>\n\t\t\t\t<\/div>\n\t\t\t\t<\/div>\n\t\t\t\t\t<\/div>\n\t\t\t\t<\/div>\n\t\t<div class=\"elementor-element elementor-element-58766fec e-flex e-con-boxed e-con e-parent\" data-id=\"58766fec\" data-element_type=\"container\" data-settings=\"{&quot;content_width&quot;:&quot;boxed&quot;}\" data-core-v316-plus=\"true\">\n\t\t\t\t\t<div class=\"e-con-inner\">\n\t\t\t\t<div class=\"elementor-element elementor-element-71265e69 elementor-widget elementor-widget-heading\" data-id=\"71265e69\" data-element_type=\"widget\" data-widget_type=\"heading.default\">\n\t\t\t\t<div class=\"elementor-widget-container\">\n\t\t\t<h2 class=\"elementor-heading-title elementor-size-default\">Fikri M\u00fclkiyet Haklar\u0131<\/h2>\t\t<\/div>\n\t\t\t\t<\/div>\n\t\t\t\t<div class=\"elementor-element elementor-element-32d7057c elementor-widget elementor-widget-wd_text_block\" data-id=\"32d7057c\" data-element_type=\"widget\" data-widget_type=\"wd_text_block.default\">\n\t\t\t\t<div class=\"elementor-widget-container\">\n\t\t\t\t\t<div class=\"wd-text-block reset-last-child text-left\">\n\t\t\t\n\t\t\t<p>Bu Kullan\u0131c\u0131 Lisans S\u00f6zle\u015fmesi, (\"KLS\") Alim \u00c7ocuk'u son kullan\u0131c\u0131 olarak kullanan veya bu programdan yararlanan \u015fah\u0131s veya kurulu\u015flarla GOLDSOFT aras\u0131nda yap\u0131lm\u0131\u015f bir hukuki s\u00f6zle\u015fmedir. Bu s\u00f6zle\u015fme Alim \u00c7ocuk i\u00e7eri\u011finden al\u0131nan veya ondan faydalan\u0131larak olu\u015fturulan bas\u0131l\u0131 malzeme, internet ortam\u0131 ve her t\u00fcrl\u00fc elektronik ortam\u0131 da i\u00e7erir.<\/p><p>YAZILIM \u00dcR\u00dcN\u00dc'n\u00fcn\u00fc cihaz\u0131na y\u00fckleyen, kopyalayan veya di\u011fer bir \u015fekilde kullanan ki\u015fi, bu KLS'nin h\u00fck\u00fcmlerini kabul ediyor olacakt\u0131r. KLS'nin h\u00fck\u00fcmlerini kabul etmemeniz halinde, YAZILIM \u00dcR\u00dcN\u00dc'n\u00fc kullanmay\u0131n\u0131z.<\/p><p>YAZILIM \u00dcR\u00dcN\u00dc L\u0130SANSI : YAZILIM \u00dcR\u00dcN\u00dc, telif haklar\u0131 hukuku ve milletleraras\u0131 telif haklar\u0131 anla\u015fmalar\u0131 ve di\u011fer d\u00fc\u015f\u00fcnsel m\u00fclkiyet kanun ve anla\u015fmalar\u0131 ile korunmu\u015ftur. YAZILIM \u00dcR\u00dcN\u00dc sat\u0131lmam\u0131\u015f olup lisans hakk\u0131 verilmi\u015ftir.<\/p><p>Bu \u00fcr\u00fcn\u00fc cihaz\u0131n\u0131za y\u00fckl\u00fcyerek ve bu KLS'yi kabul ederek \u015fu haklar\u0131 elde etmi\u015f olmaktas\u0131n\u0131z :<\/p>\n\t\t\t\t\t<\/div>\n\t\t\t\t<\/div>\n\t\t\t\t<\/div>\n\t\t\t\t<div class=\"elementor-element elementor-element-6118efdb elementor-widget elementor-widget-wd_title\" data-id=\"6118efdb\" data-element_type=\"widget\" data-widget_type=\"wd_title.default\">\n\t\t\t\t<div class=\"elementor-widget-container\">\n\t\t\t\t\t<div class=\"title-wrapper set-mb-s reset-last-child wd-title-color-default wd-title-style-default wd-title-size-default text-center\">\n\n\t\t\t\n\t\t\t<div class=\"liner-continer\">\n\t\t\t\t<h4 class=\"woodmart-title-container title wd-fontsize-l\">Hizmet ve Gizlilik Ko\u015fullar\u0131<\/h4> \n\t\t\t\t\t\t\t<\/div>\n\n\t\t\t\t\t<\/div>\n\t\t\t\t<\/div>\n\t\t\t\t<\/div>\n\t\t\t\t<div class=\"elementor-element elementor-element-5a4d491a elementor-widget elementor-widget-wd_text_block\" data-id=\"5a4d491a\" data-element_type=\"widget\" data-widget_type=\"wd_text_block.default\">\n\t\t\t\t<div class=\"elementor-widget-container\">\n\t\t\t\t\t<div class=\"wd-text-block reset-last-child text-left\">\n\t\t\t\n\t\t\t<p>Bu KLS'nin h\u00fck\u00fcmlerine ayk\u0131r\u0131 hareket edilmesi halinde KLS sona ermi\u015f olacakt\u0131r. Kullan\u0131c\u0131 bu durumdan do\u011fan t\u00fcm maddi\/manevi cezalar\u0131 kabul etmi\u015f olacakt\u0131r.<\/p><p>YAZILIM \u00dcR\u00dcN\u00dc'ne ait t\u00fcm ba\u015fl\u0131k ve telif haklar\u0131, YAZILIM \u00dcR\u00dcN\u00dc'ne dahil edilen her t\u00fcrl\u00fc resim, foto\u011fraf, animasyon, video, audio, m\u00fczik ve metinleri ve uygulamalar\u0131 i\u00e7ermek ama bunlarla s\u0131n\u0131rl\u0131 olmamak \u00fczere, GOLDSOFT'a aittir.<\/p><p>YAZILIM \u00dcR\u00dcN\u00dc telif haklar\u0131 kanunu ve milletleraras\u0131 anla\u015fmalar\u0131n h\u00fck\u00fcmleri taraf\u0131ndan korunmaktad\u0131r.<\/p><p>Hi\u00e7kimse, Alim \u00c7ocuk'dan harhangi bir ortamda kullanmak i\u00e7in al\u0131nt\u0131 yapamaz, tamamen ya da k\u0131smen kullanamaz ve yay\u0131nlayamaz.<\/p><p>S\u00f6zkonusu eserin herhangi bir \u015fekilde GOLDSOFT'dan izinsiz olarak kullan\u0131lmas\u0131, eserden tamamen veya k\u0131smen bilgisayar (CD, DVD, disket, internet v.b.) ve elektronik ortamlarda ve bas\u0131l\u0131 ortamda kullan\u0131lmak \u00fczere al\u0131nt\u0131 yap\u0131lmas\u0131 durumunda; fail, bu al\u0131nt\u0131 ve kullan\u0131mlarla ortaya \u00e7\u0131kan hak ihlallerinden do\u011facak maddi, manevi tazminat ve cezalar\u0131 kabul etmi\u015f olmaktad\u0131r.<\/p><p>Bu s\u00f6zle\u015fmeyle Alim \u00c7ocuk'un t\u00fcm haklar\u0131 'Fikir ve Sanat Eserlerini Koruma Kanunu' h\u00fck\u00fcmleri \u00e7er\u00e7evesinde korunmu\u015ftur.<\/p>\n\t\t\t\t\t<\/div>\n\t\t\t\t<\/div>\n\t\t\t\t<\/div>\n\t\t\t\t\t<\/div>\n\t\t\t\t<\/div>\n\t\t<div class=\"elementor-element elementor-element-71d35ce2 e-flex e-con-boxed e-con e-parent\" data-id=\"71d35ce2\" data-element_type=\"container\" data-settings=\"{&quot;content_width&quot;:&quot;boxed&quot;}\" data-core-v316-plus=\"true\">\n\t\t\t\t\t<div class=\"e-con-inner\">\n\t\t\t\t<div class=\"elementor-element elementor-element-28be8a04 elementor-widget elementor-widget-wd_text_block\" data-id=\"28be8a04\" data-element_type=\"widget\" data-widget_type=\"wd_text_block.default\">\n\t\t\t\t<div class=\"elementor-widget-container\">\n\t\t\t\t\t<div class=\"wd-text-block reset-last-child text-left\">\n\t\t\t\n\t\t\t<p>Meydana getirilmesi i\u00e7in \u00e7ok b\u00fcy\u00fck emekler sarfedilen bu \u00dcR\u00dcN\u00dc kopyalayarak \u00e7o\u011falt\u0131p kullanan veya ba\u015fkalar\u0131na paral\u0131 veya paras\u0131z veren maddi manevi telif haklar\u0131n\u0131 ihlal ile bunlara ait her t\u00fcrl\u00fc mesuliyeti kabul etmi\u015f olmaktad\u0131r.<\/p>\n<p>\u00dcr\u00fcnlerimizi kopya yollardan edinip kullanmay\u0131n veya kopyalay\u0131p da\u011f\u0131tmay\u0131n. Kopya yolla kullan\u0131yor veya kulland\u0131r\u0131yorsan\u0131z bu hizmetimizin kar\u015f\u0131l\u0131\u011f\u0131nda do\u011facak maddi\/manevi hakk\u0131 talep edece\u011fimizi bildiririz.<\/p>\n<p>\u00dcr\u00fcnlerimizi be\u011feniyor ve maddi olarak size veya yararlanmas\u0131n\u0131 istedi\u011finiz \u00e7evrenizdekilere a\u011f\u0131r geldi\u011fini d\u00fc\u015f\u00fcn\u00fcyorsan\u0131z bizimle irtibata ge\u00e7iniz, sizin ve \u00e7evrenizdekilerin \u00fcr\u00fcnlerimizden Lisansl\u0131 Kullan\u0131c\u0131 olarak yararlanabilmeleri i\u00e7in \u00fczerimize d\u00fc\u015feni sonuna kadar yapaca\u011f\u0131m\u0131zdan emin olabilirsiniz.<\/p>\n<p>Sayg\u0131lar.<\/p>\n\t\t\t\t\t<\/div>\n\t\t\t\t<\/div>\n\t\t\t\t<\/div>\n\t\t\t\t\t<\/div>\n\t\t\t\t<\/div>\n\t\t<div class=\"elementor-element elementor-element-22bf1ebf e-flex e-con-boxed e-con e-parent\" data-id=\"22bf1ebf\" data-element_type=\"container\" data-settings=\"{&quot;content_width&quot;:&quot;boxed&quot;}\" data-core-v316-plus=\"true\">\n\t\t\t\t\t<div class=\"e-con-inner\">\n\t\t\t\t<div class=\"elementor-element elementor-element-7caf0092 elementor-widget elementor-widget-wd_text_block\" data-id=\"7caf0092\" data-element_type=\"widget\" data-widget_type=\"wd_text_block.default\">\n\t\t\t\t<div class=\"elementor-widget-container\">\n\t\t\t\t\t<div class=\"wd-text-block reset-last-child text-left\">\n\t\t\t\n\t\t\t<p><strong>Telefon : +90 312 230 64 60<\/strong><\/p>\n<p><strong>Eposta : goldsoft@goldsoft.com.tr<\/strong><\/p>\n\t\t\t\t\t<\/div>\n\t\t\t\t<\/div>\n\t\t\t\t<\/div>\n\t\t\t\t\t<\/div>\n\t\t\t\t<\/div>\n\t\t<div class=\"elementor-element elementor-element-43167fb9 e-flex e-con-boxed e-con e-parent\" data-id=\"43167fb9\" data-element_type=\"container\" data-settings=\"{&quot;content_width&quot;:&quot;boxed&quot;}\" data-core-v316-plus=\"true\">\n\t\t\t\t\t<div class=\"e-con-inner\">\n\t\t\t\t<div class=\"elementor-element elementor-element-42c09a35 elementor-widget elementor-widget-wd_text_block\" data-id=\"42c09a35\" data-element_type=\"widget\" data-widget_type=\"wd_text_block.default\">\n\t\t\t\t<div class=\"elementor-widget-container\">\n\t\t\t\t\t<div class=\"wd-text-block reset-last-child text-left\">\n\t\t\t\n\t\t\t<p><strong>\u00dcR\u00dcN DESTE\u011e\u0130:<\/strong> YAZILIM \u00dcR\u00dcN\u00dc'n\u00fcn deste\u011fi GOLDSOFT taraf\u0131ndan sa\u011flanmaktad\u0131r. Destek almak i\u00e7in <a href=\"https:\/\/alimkids.net\/tr\/contact\/\">\u0130LET\u0130\u015e\u0130M<\/a> sayfam\u0131z\u0131 ziyaret edebilir veya verilen ileti\u015fim bilgilerini kullanarak bize ula\u015fabilirsiniz.<\/p>\n<p>GOLDSOFT 2019<\/p>\n\t\t\t\t\t<\/div>\n\t\t\t\t<\/div>\n\t\t\t\t<\/div>\n\t\t\t\t\t<\/div>\n\t\t\t\t<\/div>\n\t\t<div class=\"elementor-element elementor-element-52421d3b e-flex e-con-boxed e-con e-parent\" data-id=\"52421d3b\" data-element_type=\"container\" data-settings=\"{&quot;content_width&quot;:&quot;boxed&quot;}\" data-core-v316-plus=\"true\">\n\t\t\t\t\t<div class=\"e-con-inner\">\n\t\t\t\t<div class=\"elementor-element elementor-element-333d413b color-scheme-inherit text-left elementor-widget elementor-widget-text-editor\" data-id=\"333d413b\" data-element_type=\"widget\" data-widget_type=\"text-editor.default\">\n\t\t\t\t<div class=\"elementor-widget-container\">\n\t\t\t<style>\/*! elementor - v3.18.0 - 20-12-2023 *\/\n.elementor-widget-text-editor.elementor-drop-cap-view-stacked .elementor-drop-cap{background-color:#69727d;color:#fff}.elementor-widget-text-editor.elementor-drop-cap-view-framed .elementor-drop-cap{color:#69727d;border:3px solid;background-color:transparent}.elementor-widget-text-editor:not(.elementor-drop-cap-view-default) .elementor-drop-cap{margin-top:8px}.elementor-widget-text-editor:not(.elementor-drop-cap-view-default) .elementor-drop-cap-letter{width:1em;height:1em}.elementor-widget-text-editor .elementor-drop-cap{float:left;text-align:center;line-height:1;font-size:50px}.elementor-widget-text-editor .elementor-drop-cap-letter{display:inline-block}<\/style>\t\t\t\t<p>Alim \u00c7ocuk, bir Goldsoft markas\u0131d\u0131r. Copyright \u00a9 Alim \u00c7ocuk | 20121<\/p>\t\t\t\t\t\t<\/div>\n\t\t\t\t<\/div>\n\t\t\t\t\t<\/div>\n\t\t\t\t<\/div>\n\t\t\t\t\t\t\t<\/div>","protected":false},"excerpt":{"rendered":"<p>The Parties This agreement has been mutually accepted and entered into between &#8220;Goldsoft Yaz\u0131l\u0131m Bilgi \u0130\u015flem \u0130leti\u015fim Teknolojileri ve E\u011fitim<\/p>","protected":false},"author":1,"featured_media":0,"parent":0,"menu_order":0,"comment_status":"closed","ping_status":"closed","template":"maintenance.php","meta":{"om_disable_all_campaigns":false,"_monsterinsights_skip_tracking":false,"_monsterinsights_sitenote_active":false,"_monsterinsights_sitenote_note":"","_monsterinsights_sitenote_category":0,"_joinchat":[],"footnotes":""},"class_list":["post-9204","page","type-page","status-publish","hentry"],"aioseo_notices":[],"_links":{"self":[{"href":"https:\/\/alimkids.net\/tr\/wp-json\/wp\/v2\/pages\/9204","targetHints":{"allow":["GET"]}}],"collection":[{"href":"https:\/\/alimkids.net\/tr\/wp-json\/wp\/v2\/pages"}],"about":[{"href":"https:\/\/alimkids.net\/tr\/wp-json\/wp\/v2\/types\/page"}],"author":[{"embeddable":true,"href":"https:\/\/alimkids.net\/tr\/wp-json\/wp\/v2\/users\/1"}],"replies":[{"embeddable":true,"href":"https:\/\/alimkids.net\/tr\/wp-json\/wp\/v2\/comments?post=9204"}],"version-history":[{"count":4,"href":"https:\/\/alimkids.net\/tr\/wp-json\/wp\/v2\/pages\/9204\/revisions"}],"predecessor-version":[{"id":9209,"href":"https:\/\/alimkids.net\/tr\/wp-json\/wp\/v2\/pages\/9204\/revisions\/9209"}],"wp:attachment":[{"href":"https:\/\/alimkids.net\/tr\/wp-json\/wp\/v2\/media?parent=9204"}],"curies":[{"name":"wp","href":"https:\/\/api.w.org\/{rel}","templated":true}]}}