{"id":8647,"date":"2024-03-04T14:37:04","date_gmt":"2024-03-04T11:37:04","guid":{"rendered":"https:\/\/alimkids.net\/?post_type=product&#038;p=8647"},"modified":"2024-03-04T17:04:42","modified_gmt":"2024-03-04T14:04:42","slug":"kids-park-bilgisayar","status":"publish","type":"product","link":"https:\/\/alimkids.net\/tr\/urun\/kids-park-bilgisayar\/","title":{"rendered":"Kids Park &#8211; Desktop App"},"content":{"rendered":"<h3>E\u011fitimin Keyifli Haline Ho\u015fgeldiniz\u2026<\/h3>\n<h3>Alfabe | Say\u0131lar | Animasyonlu Toplama \u2013 \u00c7\u0131karma<\/h3>\n<h3>Hikayeler | Bilgi Yar\u0131\u015fmalar\u0131 | E\u011fitici Oyunlar<\/h3>\n<h4>Art\u0131k \u00e7ocuklar anaokulu, ilk\u00f6\u011fretim ve genel k\u00fclt\u00fcr konular\u0131n\u0131 birbirinden g\u00fczel programlar ile oyun oynayarak ve e\u011flenerek \u00f6\u011frenecekler.<\/h4>\n<h4>KidsPark seti AnaOkulu, BilmeceBulmaca, Masal D\u00fcnyas\u0131 ve Yapboz \u015feklinde 4 temel b\u00f6l\u00fcm\u2019den olu\u015fmaktad\u0131r. Programda e\u011flenceli oyunlar, aktiviteler ve daha onlarca b\u00f6l\u00fcm \u00e7ocuklar\u0131 bekliyor\u2026<\/h4>\n<h4>Yeni versiyon konunun uzmanlar\u0131 taraf\u0131ndan haz\u0131rland\u0131, incelendi ve onayland\u0131:<\/h4>\n<h4>\u2013 Resimli \u00f6rnekler ile alfabe ve say\u0131lar\u0131 \u00f6\u011frenmek \u00e7ok kolay.<\/h4>\n<h4>\u2013 Animasyonlar e\u015fli\u011finde toplama, \u00e7\u0131karma i\u015flemlerinden hi\u00e7 s\u0131k\u0131lmayacaklar.<\/h4>\n<h4>\u2013 Masal ve hikayeleri dinlerken ayn\u0131 anda boyama veya yapboz oyunlar\u0131 ile daha e\u011flenceli vakit ge\u00e7irecekler.<\/h4>\n<p style=\"margin-bottom: 0px; font-style: normal; font-variant-ligatures: normal; font-variant-caps: normal; font-weight: 400; font-family: Quicksand, Arial, Helvetica, sans-serif; font-size: 14px; white-space-collapse: preserve;\">Haydi, \u00e7ocuklar\u0131n\u0131z\u0131n \u00f6\u011frenme yolculu\u011funa e\u011flenceli bir ad\u0131m at\u0131n! Kidspark ile \u00e7ocuklar\u0131n\u0131z\u0131n bilgi birikimini art\u0131r\u0131n ve onlar\u0131 ba\u015far\u0131ya do\u011fru ilerletin.<\/p>\n<p>&nbsp;<\/p>\n<h4>E\u011fitimin Keyifli Haline Ho\u015fgeldiniz\u2026<\/h4>\n<p>&nbsp;<\/p>\n<p>KidsPark seti AnaOkulu, BilmeceBulmaca, Masal D\u00fcnyas\u0131 ve Yapboz \u015feklinde 4 temel b\u00f6l\u00fcm\u2019den olu\u015fmaktad\u0131r. Programda e\u011flenceli oyunlar, aktiviteler ve daha onlarca b\u00f6l\u00fcm \u00e7ocuklar\u0131 bekliyor\u2026<\/p>\n<p><img decoding=\"async\" title=\"resim_2023-04-03_154127618.png\" src=\"https:\/\/www.alimcocuk.com.tr\/wp-content\/uploads\/elementor\/thumbs\/resim_2023-04-03_154127618-q7dd330y53gktnsjz5w2996zu7kz0qjjmkt9nkt8xg.png\" alt=\"resim_2023-04-03_154127618.png\" \/><\/p>\n<h4 class=\"info-box-title title box-title-style-default wd-fontsize-m\" data-elementor-setting-key=\"title\">Alfabe | Say\u0131lar<\/h4>\n<p>Resimli \u00f6rnekler ile alfabe ve say\u0131lar\u0131 \u00f6\u011frenmek \u00e7ok kolay!<\/p>\n<p><img decoding=\"async\" title=\"resim_2023-04-03_154440448.png\" src=\"https:\/\/www.alimcocuk.com.tr\/wp-content\/uploads\/elementor\/thumbs\/resim_2023-04-03_154440448-q7dd33ysbxhv59r6toaotqygflgc8fn9ypgr4urur8.png\" alt=\"resim_2023-04-03_154440448.png\" \/><\/p>\n<h4 class=\"info-box-title title box-title-style-default wd-fontsize-m\" data-elementor-setting-key=\"title\">Animasyonlu Toplama \u2013 \u00c7\u0131karma<\/h4>\n<p>Animasyonlar e\u015fli\u011finde toplama, \u00e7\u0131karma i\u015flemlerinden hi\u00e7 s\u0131k\u0131lmayacaklar.<\/p>\n<p><img decoding=\"async\" title=\"resim_2023-04-03_154224619.png\" src=\"https:\/\/www.alimcocuk.com.tr\/wp-content\/uploads\/elementor\/thumbs\/resim_2023-04-03_154224619-q7dd33ysbxhv59r6toaotqygflgc8fn9ypgr4urur8.png\" alt=\"resim_2023-04-03_154224619.png\" \/><\/p>\n<h4 style=\"font-style: normal; font-variant-ligatures: normal; font-variant-caps: normal; font-weight: var(--wd-title-font-weight); font-family: hkgroteskpro, Arial, Helvetica, sans-serif; text-transform: none;\" data-elementor-setting-key=\"title\" data-pen-placeholder=\"Buraya yaz...\">E\u011fitici Oyunlar<\/h4>\n<p style=\"margin-bottom: 0px; font-style: normal; font-variant-ligatures: normal; font-variant-caps: normal; font-weight: 400; font-family: hkgroteskpro, Arial, Helvetica, sans-serif; font-size: 14px;\">Boyama, Yapboz, C\u00fcmle Kurma, Kelime Bulmaca ve daha fazlas\u0131&#8230;<\/p>\n<p style=\"margin-bottom: 0px; font-style: normal; font-variant-ligatures: normal; font-variant-caps: normal; font-weight: 400; font-family: hkgroteskpro, Arial, Helvetica, sans-serif; font-size: 14px;\">Boyama, Yapboz, C\u00fcmle Kurma, Kelime Bulmaca ve daha fazlas\u0131&#8230;<\/p>\n<p><img decoding=\"async\" title=\"resim_2023-04-03_154059234.png\" src=\"https:\/\/www.alimcocuk.com.tr\/wp-content\/uploads\/elementor\/thumbs\/resim_2023-04-03_154059234-q7dd33ysbxhv59r6toaotqygflgc8fn9ypgr4urur8.png\" alt=\"resim_2023-04-03_154059234.png\" \/><\/p>\n<h4 class=\"info-box-title title box-title-style-default wd-fontsize-m\" data-elementor-setting-key=\"title\">Hikayeler | Bilgi Yar\u0131\u015fmalar\u0131<\/h4>\n<p>Bilgi Yar\u0131\u015fmalar\u0131 Masal ve hikayeleri dinle<\/p>\n<p><img fetchpriority=\"high\" decoding=\"async\" src=\"https:\/\/www.alimcocuk.com.tr\/wp-content\/uploads\/AnaMenuKidspark.jpg\" sizes=\"(max-width: 1920px) 100vw, 1920px\" srcset=\"https:\/\/www.alimcocuk.com.tr\/wp-content\/uploads\/AnaMenuKidspark.jpg 1920w, https:\/\/www.alimcocuk.com.tr\/wp-content\/uploads\/AnaMenuKidspark-400x225.jpg 400w, https:\/\/www.alimcocuk.com.tr\/wp-content\/uploads\/AnaMenuKidspark-1300x731.jpg 1300w, https:\/\/www.alimcocuk.com.tr\/wp-content\/uploads\/AnaMenuKidspark-768x432.jpg 768w, https:\/\/www.alimcocuk.com.tr\/wp-content\/uploads\/AnaMenuKidspark-1536x864.jpg 1536w, https:\/\/www.alimcocuk.com.tr\/wp-content\/uploads\/AnaMenuKidspark-18x10.jpg 18w, https:\/\/www.alimcocuk.com.tr\/wp-content\/uploads\/AnaMenuKidspark-860x484.jpg 860w, https:\/\/www.alimcocuk.com.tr\/wp-content\/uploads\/AnaMenuKidspark-430x242.jpg 430w, https:\/\/www.alimcocuk.com.tr\/wp-content\/uploads\/AnaMenuKidspark-700x394.jpg 700w, https:\/\/www.alimcocuk.com.tr\/wp-content\/uploads\/AnaMenuKidspark-150x84.jpg 150w\" alt=\"\" width=\"1920\" height=\"1080\" \/><\/p>\n<h4>Toplama \u00c7\u0131karma<\/h4>\n<ul>\n<li>\u00c7ocuklar\u0131n\u0131z\u0131n matematik becerilerini geli\u015ftirmelerine yard\u0131mc\u0131 olurken ayn\u0131 zamanda onlar\u0131n problem \u00e7\u00f6zme yeteneklerini de g\u00fc\u00e7lendirir. Toplama ve \u00e7\u0131karma i\u015flemlerini pratik yaparken, \u00e7ocuklar mant\u0131ksal d\u00fc\u015f\u00fcnme becerilerini kullan\u0131r ve matematiksel kavramlar\u0131 daha iyi anlamaya ba\u015flarlar.<\/li>\n<li>\u00c7ocuklar\u0131n\u0131za e\u011flenceli bir matematik deneyimi sunar. Canl\u0131 ve e\u011flenceli bir aray\u00fcz ile desteklenen uygulama, \u00e7ocuklar\u0131n\u0131z\u0131n motivasyonunu art\u0131r\u0131r ve onlar\u0131 matematikle daha fazla etkile\u015fime ge\u00e7meye te\u015fvik eder.<\/li>\n<\/ul>\n<p><img decoding=\"async\" src=\"https:\/\/www.alimcocuk.com.tr\/wp-content\/uploads\/ToplamaCikarma.jpg\" sizes=\"(max-width: 1920px) 100vw, 1920px\" srcset=\"https:\/\/www.alimcocuk.com.tr\/wp-content\/uploads\/ToplamaCikarma.jpg 1920w, https:\/\/www.alimcocuk.com.tr\/wp-content\/uploads\/ToplamaCikarma-400x225.jpg 400w, https:\/\/www.alimcocuk.com.tr\/wp-content\/uploads\/ToplamaCikarma-1300x731.jpg 1300w, https:\/\/www.alimcocuk.com.tr\/wp-content\/uploads\/ToplamaCikarma-768x432.jpg 768w, https:\/\/www.alimcocuk.com.tr\/wp-content\/uploads\/ToplamaCikarma-1536x864.jpg 1536w, https:\/\/www.alimcocuk.com.tr\/wp-content\/uploads\/ToplamaCikarma-18x10.jpg 18w, https:\/\/www.alimcocuk.com.tr\/wp-content\/uploads\/ToplamaCikarma-860x484.jpg 860w, https:\/\/www.alimcocuk.com.tr\/wp-content\/uploads\/ToplamaCikarma-430x242.jpg 430w, https:\/\/www.alimcocuk.com.tr\/wp-content\/uploads\/ToplamaCikarma-700x394.jpg 700w, https:\/\/www.alimcocuk.com.tr\/wp-content\/uploads\/ToplamaCikarma-150x84.jpg 150w\" alt=\"\" width=\"1920\" height=\"1080\" \/><br \/>\n<img decoding=\"async\" src=\"https:\/\/www.alimcocuk.com.tr\/wp-content\/uploads\/ResimBoyama-1.jpg\" sizes=\"(max-width: 1920px) 100vw, 1920px\" srcset=\"https:\/\/www.alimcocuk.com.tr\/wp-content\/uploads\/ResimBoyama-1.jpg 1920w, https:\/\/www.alimcocuk.com.tr\/wp-content\/uploads\/ResimBoyama-1-400x225.jpg 400w, https:\/\/www.alimcocuk.com.tr\/wp-content\/uploads\/ResimBoyama-1-1300x731.jpg 1300w, https:\/\/www.alimcocuk.com.tr\/wp-content\/uploads\/ResimBoyama-1-768x432.jpg 768w, https:\/\/www.alimcocuk.com.tr\/wp-content\/uploads\/ResimBoyama-1-1536x864.jpg 1536w, https:\/\/www.alimcocuk.com.tr\/wp-content\/uploads\/ResimBoyama-1-18x10.jpg 18w, https:\/\/www.alimcocuk.com.tr\/wp-content\/uploads\/ResimBoyama-1-860x484.jpg 860w, https:\/\/www.alimcocuk.com.tr\/wp-content\/uploads\/ResimBoyama-1-430x242.jpg 430w, https:\/\/www.alimcocuk.com.tr\/wp-content\/uploads\/ResimBoyama-1-700x394.jpg 700w, https:\/\/www.alimcocuk.com.tr\/wp-content\/uploads\/ResimBoyama-1-150x84.jpg 150w\" alt=\"\" width=\"1920\" height=\"1080\" \/><\/p>\n<h4>Resim Boyama<\/h4>\n<ul>\n<li>\u00c7ocuklara renkli d\u00fcnyada resim yapma deneyimi sunar. Uygulama, farkl\u0131 resimlerin \u00e7izim \u015fablonlar\u0131n\u0131 i\u00e7erir ve \u00e7ocuklar\u0131n kendi hayal g\u00fc\u00e7lerini kullanarak bu resimleri renklendirmelerine olanak tan\u0131r.<\/li>\n<li>Ekran\u0131n <u>alt\u0131nda <\/u>bulunan renk paletini kullanarak verilen resmi boyayabilirsiniz. Serbest boyama\u00a0<em>se<\/em>\u00e7ene\u011fini i\u015faretleyerek ekrandaki resmi boyamak i\u00e7in istedi\u011finiz renkleri kullanabilirsiniz.<\/li>\n<\/ul>\n<h4>Masallar ve F\u0131kralar<\/h4>\n<ul>\n<li>\u00c7ocuklara keyifli bir \u015fekilde masallar ve f\u0131kralar sunar. Uygulama, \u00e7ocuklar\u0131n okuyarak veya dinleyerek masallar\u0131 ke\u015ffetmelerine ve f\u0131kralar\u0131 e\u011flenceli bir \u015fekilde \u00f6\u011frenmelerine olanak tan\u0131r.<\/li>\n<li>Bizleri g\u00fcld\u00fcren, g\u00fcld\u00fcr\u00fcrken d\u00fc\u015f\u00fcnd\u00fcren ve bizlere f\u0131kralar\u0131yla ders veren Nasreddin Hoca\u2019n\u0131n f\u0131kralar\u0131n\u0131 okuyup dinleyebilir. Yapboz veya boyama yaparak e\u011flenceli vakitler ge\u00e7irebilirsiniz.<\/li>\n<li>Renkli ve canl\u0131 g\u00f6rsellerle desteklenmi\u015ftir. Bu sayede \u00e7ocuklar\u0131n\u0131z kendilerini masallar\u0131n ve f\u0131kralar\u0131n i\u00e7inde bulurken ayn\u0131 zamanda g\u00f6rsel zenginlikten de keyif al\u0131rlar.<\/li>\n<\/ul>\n<p><img loading=\"lazy\" decoding=\"async\" src=\"https:\/\/www.alimcocuk.com.tr\/wp-content\/uploads\/Fikralar.jpg\" sizes=\"(max-width: 1915px) 100vw, 1915px\" srcset=\"https:\/\/www.alimcocuk.com.tr\/wp-content\/uploads\/Fikralar.jpg 1915w, https:\/\/www.alimcocuk.com.tr\/wp-content\/uploads\/Fikralar-400x211.jpg 400w, https:\/\/www.alimcocuk.com.tr\/wp-content\/uploads\/Fikralar-1300x686.jpg 1300w, https:\/\/www.alimcocuk.com.tr\/wp-content\/uploads\/Fikralar-768x405.jpg 768w, https:\/\/www.alimcocuk.com.tr\/wp-content\/uploads\/Fikralar-1536x811.jpg 1536w, https:\/\/www.alimcocuk.com.tr\/wp-content\/uploads\/Fikralar-18x10.jpg 18w, https:\/\/www.alimcocuk.com.tr\/wp-content\/uploads\/Fikralar-860x454.jpg 860w, https:\/\/www.alimcocuk.com.tr\/wp-content\/uploads\/Fikralar-430x227.jpg 430w, https:\/\/www.alimcocuk.com.tr\/wp-content\/uploads\/Fikralar-700x370.jpg 700w, https:\/\/www.alimcocuk.com.tr\/wp-content\/uploads\/Fikralar-150x79.jpg 150w\" alt=\"\" width=\"1915\" height=\"1011\" \/><br \/>\n<img loading=\"lazy\" decoding=\"async\" src=\"https:\/\/www.alimcocuk.com.tr\/wp-content\/uploads\/HeceKitabi.jpg\" sizes=\"(max-width: 1920px) 100vw, 1920px\" srcset=\"https:\/\/www.alimcocuk.com.tr\/wp-content\/uploads\/HeceKitabi.jpg 1920w, https:\/\/www.alimcocuk.com.tr\/wp-content\/uploads\/HeceKitabi-400x225.jpg 400w, https:\/\/www.alimcocuk.com.tr\/wp-content\/uploads\/HeceKitabi-1300x731.jpg 1300w, https:\/\/www.alimcocuk.com.tr\/wp-content\/uploads\/HeceKitabi-768x432.jpg 768w, https:\/\/www.alimcocuk.com.tr\/wp-content\/uploads\/HeceKitabi-1536x864.jpg 1536w, https:\/\/www.alimcocuk.com.tr\/wp-content\/uploads\/HeceKitabi-18x10.jpg 18w, https:\/\/www.alimcocuk.com.tr\/wp-content\/uploads\/HeceKitabi-860x484.jpg 860w, https:\/\/www.alimcocuk.com.tr\/wp-content\/uploads\/HeceKitabi-430x242.jpg 430w, https:\/\/www.alimcocuk.com.tr\/wp-content\/uploads\/HeceKitabi-700x394.jpg 700w, https:\/\/www.alimcocuk.com.tr\/wp-content\/uploads\/HeceKitabi-150x84.jpg 150w\" alt=\"\" width=\"1920\" height=\"1080\" \/><\/p>\n<h4>C\u00fcmle Kurma<\/h4>\n<ul>\n<li>Kelimeleri kar\u0131\u015f\u0131k yerle\u015ftirilmi\u015f bir c\u00fcmleyi do\u011fru bir \u015fekilde bir araya getirmeniz istenmektedir. \u00c7ocuklar\u0131n\u0131z\u0131n dil becerilerini e\u011flenceli bir \u015fekilde geli\u015ftirmelerini sa\u011flayabilirsiniz.<\/li>\n<li>\u00c7ocuklar\u0131n hayal g\u00fc\u00e7lerini ve kelime da\u011farc\u0131klar\u0131n\u0131 geni\u015fletmelerine yard\u0131mc\u0131 olurken ayn\u0131 zamanda dilbilgisini anlamalar\u0131na da katk\u0131 sa\u011flar.<\/li>\n<\/ul>\n<h4>Alfabe<\/h4>\n<ul>\n<li>\u00c7ocuklar\u0131n\u0131z\u0131n bilgilerini s\u0131nay\u0131p yeni \u015feyler \u00f6\u011frenirken e\u011flenmelerini de sa\u011flayabilirsiniz. Bu uygulama ayn\u0131 zamanda \u00e7ocuklar\u0131n haf\u0131za ve odaklanma becerilerini geli\u015ftirir. Sorular\u0131 okurken bilgileri hat\u0131rlamalar\u0131, dikkatlerini odaklamalar\u0131 ve do\u011fru cevaplar\u0131 se\u00e7meleri gerekecektir.<\/li>\n<li>Oyun, canl\u0131 ve renkli bir aray\u00fczle tasarlanm\u0131\u015ft\u0131r, b\u00f6ylece \u00e7ocuklar\u0131n\u0131z oynamaktan keyif alacak ve kendilerini bir yar\u0131\u015fman\u0131n i\u00e7indeymi\u015f gibi hissedecekler. G\u00f6rsel ve i\u015fitsel efektlerle desteklenen uygulama, \u00e7ocuklar\u0131n dikkatini \u00e7ekerken ayn\u0131 zamanda \u00f6\u011frenmelerini de sa\u011flar.<\/li>\n<\/ul>","protected":false},"excerpt":{"rendered":"<p>E\u011fitimin Keyifli Haline Ho\u015fgeldiniz\u2026 Alfabe | Say\u0131lar | Animasyonlu Toplama \u2013 \u00c7\u0131karma Hikayeler | Bilgi Yar\u0131\u015fmalar\u0131 | E\u011fitici Oyunlar Art\u0131k<\/p>","protected":false},"featured_media":8685,"template":"","meta":{"om_disable_all_campaigns":false,"_monsterinsights_skip_tracking":false,"_monsterinsights_sitenote_active":false,"_monsterinsights_sitenote_note":"","_monsterinsights_sitenote_category":0,"_joinchat":[]},"product_cat":[85],"product_tag":[],"class_list":{"0":"post-8647","1":"product","2":"type-product","3":"status-publish","4":"has-post-thumbnail","6":"product_cat-applications","8":"first","9":"instock","10":"sale","11":"downloadable","12":"virtual","13":"purchasable","14":"product-type-simple"},"aioseo_notices":[],"_links":{"self":[{"href":"https:\/\/alimkids.net\/tr\/wp-json\/wp\/v2\/product\/8647","targetHints":{"allow":["GET"]}}],"collection":[{"href":"https:\/\/alimkids.net\/tr\/wp-json\/wp\/v2\/product"}],"about":[{"href":"https:\/\/alimkids.net\/tr\/wp-json\/wp\/v2\/types\/product"}],"version-history":[{"count":2,"href":"https:\/\/alimkids.net\/tr\/wp-json\/wp\/v2\/product\/8647\/revisions"}],"predecessor-version":[{"id":8807,"href":"https:\/\/alimkids.net\/tr\/wp-json\/wp\/v2\/product\/8647\/revisions\/8807"}],"wp:featuredmedia":[{"embeddable":true,"href":"https:\/\/alimkids.net\/tr\/wp-json\/wp\/v2\/media\/8685"}],"wp:attachment":[{"href":"https:\/\/alimkids.net\/tr\/wp-json\/wp\/v2\/media?parent=8647"}],"wp:term":[{"taxonomy":"product_cat","embeddable":true,"href":"https:\/\/alimkids.net\/tr\/wp-json\/wp\/v2\/product_cat?post=8647"},{"taxonomy":"product_tag","embeddable":true,"href":"https:\/\/alimkids.net\/tr\/wp-json\/wp\/v2\/product_tag?post=8647"}],"curies":[{"name":"wp","href":"https:\/\/api.w.org\/{rel}","templated":true}]}}