{"id":8649,"date":"2024-03-04T14:37:05","date_gmt":"2024-03-04T11:37:05","guid":{"rendered":"https:\/\/alimkids.net\/?post_type=product&#038;p=8649"},"modified":"2024-03-08T10:29:31","modified_gmt":"2024-03-08T07:29:31","slug":"alim-cocuk-2","status":"publish","type":"product","link":"https:\/\/alimkids.net\/tr\/urun\/alim-cocuk-2\/","title":{"rendered":"Alim \u00c7ocuk"},"content":{"rendered":"","protected":false},"excerpt":{"rendered":"<p>E\u011flenceli ve \u00d6\u011fretici Bir D\u00fcnya \u015eimdi Cep Telefonunuzda ve Bilgisayar\u0131n\u0131zda!<\/p>\n<p>Alim \u00c7ocuk, bilgisayar, Android ve iOS cihazlar\u0131nda kullanabilece\u011finiz, zengin \u00f6zelliklere sahip bir uygulamad\u0131r. Namaz nas\u0131l k\u0131l\u0131n\u0131r, abdest nas\u0131l al\u0131n\u0131r gibi sorular\u0131n cevaplar\u0131ndan, resimli ve sesli elifba ve tecvit derslerine, Hz. Muhammed (sav) hayat\u0131na, oyunlara, hik\u00e2yelere ve masallara kadar bir\u00e7ok i\u00e7eri\u011fi i\u00e7erisinde bar\u0131nd\u0131r\u0131r. Ayr\u0131ca, 3 boyutlu animasyonlarla desteklenen Namaz Hocas\u0131 b\u00f6l\u00fcm\u00fcyle \u00e7ocuklar\u0131n\u0131za namaz k\u0131lmay\u0131 ve abdest almay\u0131 severek ve kolayca \u00f6\u011fretir.<\/p>\n<p>Alim \u00c7ocuk, \u00e7ocu\u011funuzun manevi geli\u015fimine katk\u0131da bulunmak, g\u00fcvenilir kaynaklarla e\u011flenceli bir \u00f6\u011frenme deneyimi sunmak i\u00e7in tasarlanm\u0131\u015ft\u0131r. \u0130nternette \u00e7ocu\u011funuzu ba\u015f\u0131bo\u015f b\u0131rakmak istemiyorsan\u0131z ve yard\u0131mc\u0131 kaynaklar ar\u0131yorsan\u0131z, Alim \u00c7ocuk tam size g\u00f6re!<\/p>\n<p>\u00dcr\u00fcn\u00fcm\u00fcz\u00fcn web sitesi alimcocuk.com.tr \u00fczerinden bilgisayar s\u00fcr\u00fcm\u00fcn\u00fc sat\u0131n alabilirsiniz. Ayr\u0131ca, mobil s\u00fcr\u00fcmlerini indirmek i\u00e7in Android i\u00e7in Play Store\u2019daki Alim \u00c7ocuk ve iOS i\u00e7in App Store\u2019daki Alim \u00c7ocuk sayfalar\u0131n\u0131 ziyaret edebilirsiniz.<\/p>\n<p>Alim \u00c7ocuk, \u00e7ocuklar\u0131n\u0131z\u0131n maneviyat\u0131n\u0131 geli\u015ftiren bir\u00e7ok \u00f6zelli\u011fiyle dikkat \u00e7eker. Bu uygulama, \u00e7ocuklar\u0131n hayal g\u00fc\u00e7lerini, ke\u015ffetme isteklerini ve \u00f6\u011frenme becerilerini destekleyen etkinlikler sunar.<\/p>\n<p>Alim \u00c7ocuk\u2019u hemen indirin ve \u00e7ocu\u011funuzun \u00f6\u011frenirken e\u011flendi\u011fi, manevi de\u011ferlerini g\u00fc\u00e7lendirdi\u011fi bir d\u00fcnyaya ad\u0131m at\u0131n!<\/p>\n<p>Unutmay\u0131n, Alim \u00c7ocuk ile \u00e7ocuklar\u0131n\u0131z\u0131n e\u011flenirken \u00f6\u011frendi\u011fi bir d\u00fcnyaya ad\u0131m at\u0131n!<\/p>","protected":false},"featured_media":8690,"template":"","meta":{"om_disable_all_campaigns":false,"_monsterinsights_skip_tracking":false,"_monsterinsights_sitenote_active":false,"_monsterinsights_sitenote_note":"","_monsterinsights_sitenote_category":0,"_joinchat":[]},"product_cat":[85],"product_tag":[],"class_list":{"0":"post-8649","1":"product","2":"type-product","3":"status-publish","4":"has-post-thumbnail","6":"product_cat-applications","8":"first","9":"instock","10":"shipping-taxable","11":"product-type-external"},"aioseo_notices":[],"_links":{"self":[{"href":"https:\/\/alimkids.net\/tr\/wp-json\/wp\/v2\/product\/8649","targetHints":{"allow":["GET"]}}],"collection":[{"href":"https:\/\/alimkids.net\/tr\/wp-json\/wp\/v2\/product"}],"about":[{"href":"https:\/\/alimkids.net\/tr\/wp-json\/wp\/v2\/types\/product"}],"version-history":[{"count":3,"href":"https:\/\/alimkids.net\/tr\/wp-json\/wp\/v2\/product\/8649\/revisions"}],"predecessor-version":[{"id":8795,"href":"https:\/\/alimkids.net\/tr\/wp-json\/wp\/v2\/product\/8649\/revisions\/8795"}],"wp:featuredmedia":[{"embeddable":true,"href":"https:\/\/alimkids.net\/tr\/wp-json\/wp\/v2\/media\/8690"}],"wp:attachment":[{"href":"https:\/\/alimkids.net\/tr\/wp-json\/wp\/v2\/media?parent=8649"}],"wp:term":[{"taxonomy":"product_cat","embeddable":true,"href":"https:\/\/alimkids.net\/tr\/wp-json\/wp\/v2\/product_cat?post=8649"},{"taxonomy":"product_tag","embeddable":true,"href":"https:\/\/alimkids.net\/tr\/wp-json\/wp\/v2\/product_tag?post=8649"}],"curies":[{"name":"wp","href":"https:\/\/api.w.org\/{rel}","templated":true}]}}