{"id":8653,"date":"2024-03-04T14:37:05","date_gmt":"2024-03-04T11:37:05","guid":{"rendered":"https:\/\/alimkids.net\/?post_type=product&#038;p=8653"},"modified":"2024-03-04T16:48:18","modified_gmt":"2024-03-04T13:48:18","slug":"alim-android","status":"publish","type":"product","link":"https:\/\/alimkids.net\/tr\/urun\/alim-android\/","title":{"rendered":"Alim &#8211; Android App"},"content":{"rendered":"<p>Uygulama \u0130slam dini konular\u0131 hakk\u0131nda zengin bilgiler i\u00e7ermektedir.<br \/>\n* Learning the Qur&#8217;an becomes both easy and fun with the animated lessons of Elifba and Tajweed.<br \/>\n* The life stories of our Prophet Muhammad (pbuh) and other prophets, our prophet&#8217;s communication and love for children, video narrations about our prophet&#8217;s friends,<br \/>\n*The obligations and necessary information about the prayer and ablution -Male \/ Female- 3D video narrations,<br \/>\n*The importance of praying, prayers from the Prophet (saas) and examples of prayers from the Holy Quran,<br \/>\n*There are sections in the application that will support your knowledge in general culture and learn or reinforce new words-sentences, and you can learn about the categories of sentences (Proverb, Hadith, Verse, Verse) and their meanings.<\/p>","protected":false},"excerpt":{"rendered":"<p>The application contains rich information about Islamic religious topics. * Learning the Qur&#8217;an becomes both easy and fun with the<\/p>","protected":false},"featured_media":8698,"template":"","meta":{"om_disable_all_campaigns":false,"_monsterinsights_skip_tracking":false,"_monsterinsights_sitenote_active":false,"_monsterinsights_sitenote_note":"","_monsterinsights_sitenote_category":0,"_joinchat":[]},"product_cat":[85],"product_tag":[],"class_list":{"0":"post-8653","1":"product","2":"type-product","3":"status-publish","4":"has-post-thumbnail","6":"product_cat-applications","8":"first","9":"instock","10":"sale","11":"virtual","12":"purchasable","13":"product-type-simple"},"aioseo_notices":[],"_links":{"self":[{"href":"https:\/\/alimkids.net\/tr\/wp-json\/wp\/v2\/product\/8653","targetHints":{"allow":["GET"]}}],"collection":[{"href":"https:\/\/alimkids.net\/tr\/wp-json\/wp\/v2\/product"}],"about":[{"href":"https:\/\/alimkids.net\/tr\/wp-json\/wp\/v2\/types\/product"}],"version-history":[{"count":3,"href":"https:\/\/alimkids.net\/tr\/wp-json\/wp\/v2\/product\/8653\/revisions"}],"predecessor-version":[{"id":8801,"href":"https:\/\/alimkids.net\/tr\/wp-json\/wp\/v2\/product\/8653\/revisions\/8801"}],"wp:featuredmedia":[{"embeddable":true,"href":"https:\/\/alimkids.net\/tr\/wp-json\/wp\/v2\/media\/8698"}],"wp:attachment":[{"href":"https:\/\/alimkids.net\/tr\/wp-json\/wp\/v2\/media?parent=8653"}],"wp:term":[{"taxonomy":"product_cat","embeddable":true,"href":"https:\/\/alimkids.net\/tr\/wp-json\/wp\/v2\/product_cat?post=8653"},{"taxonomy":"product_tag","embeddable":true,"href":"https:\/\/alimkids.net\/tr\/wp-json\/wp\/v2\/product_tag?post=8653"}],"curies":[{"name":"wp","href":"https:\/\/api.w.org\/{rel}","templated":true}]}}