{"id":8655,"date":"2024-03-04T14:37:05","date_gmt":"2024-03-04T11:37:05","guid":{"rendered":"https:\/\/alimkids.net\/?post_type=product&#038;p=8655"},"modified":"2025-05-09T16:03:01","modified_gmt":"2025-05-09T13:03:01","slug":"alim-super-set","status":"publish","type":"product","link":"https:\/\/alimkids.net\/tr\/urun\/alim-super-set\/","title":{"rendered":"Alim S\u00fcper Set"},"content":{"rendered":"<div data-elementor-type=\"wp-post\" data-elementor-id=\"8655\" class=\"elementor elementor-8655\">\n\t\t\t\t\t\t\t\t\t<section class=\"wd-negative-gap elementor-section elementor-top-section elementor-element elementor-element-5f3dd5a5 elementor-section-boxed elementor-section-height-default elementor-section-height-default wd-section-disabled\" data-id=\"5f3dd5a5\" data-element_type=\"section\">\n\t\t\t\t\t\t<div class=\"elementor-container elementor-column-gap-default\">\n\t\t\t\t\t<div class=\"elementor-column elementor-col-100 elementor-top-column elementor-element elementor-element-55bd78b4\" data-id=\"55bd78b4\" data-element_type=\"column\">\n\t\t\t<div class=\"elementor-widget-wrap elementor-element-populated\">\n\t\t\t\t\t\t\t\t<section class=\"wd-negative-gap elementor-section elementor-inner-section elementor-element elementor-element-5fa3806f elementor-section-height-default elementor-section-boxed elementor-section-height-default wd-section-disabled\" data-id=\"5fa3806f\" data-element_type=\"section\">\n\t\t\t\t\t\t<div class=\"elementor-container elementor-column-gap-default\">\n\t\t\t\t\t<div class=\"elementor-column elementor-col-100 elementor-top-column elementor-element elementor-element-3c47daed\" data-id=\"3c47daed\" data-element_type=\"column\">\n\t\t\t<div class=\"elementor-widget-wrap elementor-element-populated\">\n\t\t\t\t\t\t\t\t<div class=\"elementor-element elementor-element-31b067d6 color-scheme-inherit text-left elementor-widget elementor-widget-text-editor\" data-id=\"31b067d6\" data-element_type=\"widget\" data-widget_type=\"text-editor.default\">\n\t\t\t\t<div class=\"elementor-widget-container\">\n\t\t\t<style>\/*! elementor - v3.18.0 - 20-12-2023 *\/\n.elementor-widget-text-editor.elementor-drop-cap-view-stacked .elementor-drop-cap{background-color:#69727d;color:#fff}.elementor-widget-text-editor.elementor-drop-cap-view-framed .elementor-drop-cap{color:#69727d;border:3px solid;background-color:transparent}.elementor-widget-text-editor:not(.elementor-drop-cap-view-default) .elementor-drop-cap{margin-top:8px}.elementor-widget-text-editor:not(.elementor-drop-cap-view-default) .elementor-drop-cap-letter{width:1em;height:1em}.elementor-widget-text-editor .elementor-drop-cap{float:left;text-align:center;line-height:1;font-size:50px}.elementor-widget-text-editor .elementor-drop-cap-letter{display:inline-block}<\/style>\t\t\t\t<table border=\"0\" width=\"580\" align=\"center\">\n<tbody>\n<tr>\n<td colspan=\"2\" align=\"center\">&nbsp;<\/td>\n<\/tr>\n<tr>\n<td style=\"text-align: center;\" colspan=\"2\" align=\"center\"><strong>Sizin ve \u00c7ocuklar\u0131n\u0131z i\u00e7in toplam 6 adetlik \u00dcr\u00fcn Setimiz Bir Arada!<\/strong><\/td>\n<\/tr>\n<tr>\n<td dir=\"ltr\" style=\"text-align: center;\" colspan=\"2\" align=\"left\"><strong><strong>&nbsp; &nbsp;<\/strong><\/strong><strong style=\"font-family: inherit; font-size: inherit;\">\u00c7ocuklar i\u00e7in 2 adet<\/strong><\/td>\n<\/tr>\n<tr>\n<td dir=\"ltr\" align=\"left\" width=\"450\"><strong>&nbsp; &nbsp;&nbsp;<\/strong><strong>Alim\u00c7OCUK&nbsp; (PC)<\/strong> 3 Boyutlu animasyonlar ile zenginle\u015ftirilmi\u015f bu versiyonda sizi \u00e7ok b\u00fcy\u00fck bir d\u00fcnya bekliyor. Daha \u00f6nce b\u00f6yle bir Elifba ve Namaz Hocas\u0131 b\u00f6l\u00fcmleri g\u00f6rmediniz. C\u0131v\u0131l C\u0131v\u0131l, bol bol renkli ve heyecan dolu bir uygulama.<\/td>\n<td align=\"center\" width=\"110\"><img decoding=\"async\" src=\"https:\/\/www.goldsoft.com.tr\/data\/product\/images\/small\/85.jpg\" alt=\"\" border=\"0\"><img fetchpriority=\"high\" decoding=\"async\" class=\"alignnone size-full wp-image-3285\" src=\"http:\/\/www.islamiyazilimlar.com\/wp-content\/uploads\/2023\/05\/AlimCocuk3-21.png\" alt=\"\" width=\"470\" height=\"470\"><\/td>\n<\/tr>\n<tr>\n<td dir=\"ltr\" align=\"left\" width=\"450\"><strong>&nbsp; &nbsp; &nbsp; KidsPark&nbsp; (PC)<\/strong> Art\u0131k \u00e7ocuklar anaokulu, ilk\u00f6\u011fretim ve genel k\u00fclt\u00fcr konular\u0131n\u0131 birbirinden g\u00fczel programlar ile oyun oynayarak ve e\u011flenerek \u00f6\u011frenecekler. KidsPark seti AnaOkulu, BilmeceBulmaca, Masal D\u00fcnyas\u0131 ve Yapboz \u015feklinde 4 farkl\u0131 \u00fcr\u00fcn bir DVD\u2019den olu\u015fmaktad\u0131r. Bu DVD\u2019de s\u0131n\u0131rs\u0131z \u00f6zellikte e\u011flenceli oyun ve aktiviteler bulunmaktad\u0131r.<\/td>\n<td align=\"center\" width=\"110\"><img decoding=\"async\" src=\"https:\/\/www.goldsoft.com.tr\/data\/product\/images\/small\/26.jpg\" alt=\"\" border=\"0\"><img decoding=\"async\" class=\"alignnone size-full wp-image-3395\" src=\"http:\/\/www.islamiyazilimlar.com\/wp-content\/uploads\/2023\/05\/kidspark_kutu.png\" alt=\"\" width=\"357\" height=\"300\"><\/td>\n<\/tr>\n<tr>\n<td dir=\"ltr\" style=\"text-align: center;\" colspan=\"2\" align=\"left\"><strong><strong>&nbsp; &nbsp;<\/strong><\/strong><strong style=\"font-family: inherit; font-size: inherit;\">B\u00fcy\u00fckler i\u00e7in 4 adet<\/strong><\/td>\n<\/tr>\n<tr>\n<td dir=\"ltr\" align=\"left\" width=\"450\"><strong>&nbsp; &nbsp; Alim 2.0<\/strong> Kur\u2019an \u015fu b\u00fcy\u00fck k\u00e2inat kitab\u0131n\u0131n ezeli terc\u00fcmesi. \u0130nsanl\u0131k \u00e2leminin terbiye edicisi \u0130nsano\u011flunun hakiki ilmi\u2026 \u0130nsaniyeti saadete sevk eden, hembir dua hembir kulluk hemde bir hikmet kitab\u0131.. \u00c2lim 2.0 ile Kur\u2019an, Hadis, \u0130slam Tarihi ve \u0130lmihal ile ilgili ihtiya\u00e7 duydugunuz b\u00fct\u00fcn konulara kaynag\u0131ndan ula\u015facaks\u0131n\u0131z\u2026<\/td>\n<td align=\"center\" width=\"110\"><img decoding=\"async\" src=\"https:\/\/www.goldsoft.com.tr\/data\/product\/images\/small\/40.jpg\" alt=\"\" border=\"0\"><img decoding=\"async\" class=\"alignnone size-full wp-image-3276\" src=\"http:\/\/www.islamiyazilimlar.com\/wp-content\/uploads\/2023\/05\/Alim-2-0.png\" alt=\"\" width=\"418\" height=\"418\"><\/td>\n<\/tr>\n<tr>\n<td dir=\"ltr\" align=\"left\" width=\"450\"><strong> Tefsir 1.0 <\/strong>Daha iyi anlamak i\u00e7in! TEFS\u0130R 1.0 Kur\u2019an Ayetlerini \u0130slam alimlari nas\u0131l yorumlad\u0131\u011f\u0131n\u0131 tek ekran \u00fczerinden ayn\u0131 anda veya ayr\u0131 ayr\u0131 ekranlarda okuyabileceksiniz. Ayr\u0131ca hatim yapabilecek ve T\u00fcrk\u00e7e meal seslendirmesini dinleyeceksiniz. Ekstra \u00f6zellik olarak hatim ve sesli mealini DVD\u2019li Mp3 \u00e7alar\u0131n\u0131zdan da dinleyebileceksiniz.<\/td>\n<td align=\"center\" width=\"110\"><img decoding=\"async\" src=\"https:\/\/www.goldsoft.com.tr\/data\/product\/images\/small\/47.jpg\" alt=\"\" border=\"0\"><img loading=\"lazy\" decoding=\"async\" class=\"alignnone size-full wp-image-3460\" src=\"http:\/\/www.islamiyazilimlar.com\/wp-content\/uploads\/2023\/05\/Tefsir-1-01.png\" alt=\"\" width=\"418\" height=\"418\"><\/td>\n<\/tr>\n<tr>\n<td dir=\"ltr\" align=\"left\" width=\"450\">\n<p><strong><strong>&nbsp;<\/strong><\/strong><\/p>\n<p><strong>Siyer 2.5 <\/strong>\u0130lk kez Mp3 ve program bir arada!.. Seslendirmeli Hz. Muhammed\u2019in Hayat\u0131, Peygamberler Tarihi, Hayat\u00fc\u2019s Sahabe Ansiklopedisi ve \u0130slam Tarihi b\u00f6l\u00fcmlerinden olu\u015fan Siyer 2.5 iki uygulamadan olu\u015fuyor. Bu program\u0131 bilgisayar\u0131n\u0131zda kullanabilirsiniz.<\/p>\n<\/td>\n<td align=\"center\" width=\"110\"><img decoding=\"async\" src=\"https:\/\/www.goldsoft.com.tr\/data\/product\/images\/small\/27.jpg\" alt=\"\" border=\"0\"><img loading=\"lazy\" decoding=\"async\" class=\"alignnone size-full wp-image-3347\" src=\"http:\/\/www.islamiyazilimlar.com\/wp-content\/uploads\/2023\/05\/Hayatus-Sahabe-1.png\" alt=\"\" width=\"418\" height=\"418\"><\/td>\n<\/tr>\n<tr>\n<td colspan=\"2\" align=\"center\">&nbsp;<\/td>\n<\/tr>\n<tr>\n<td dir=\"ltr\" align=\"left\" width=\"450\">\n<p><strong>K\u00fct\u00fcb-i Sitte 1.6<\/strong> Tekrars\u0131z olarak t\u00fcm Hadisleri i\u00e7eren K\u00fct\u00fcb-i Sitte\u2019nin tamam\u0131 bu \u0130nteraftif Hadis Ansiklopedisinde\u2026 Hadisler ile F\u0131kha, ahlaka, ibadete ait konular, sosyal ve \u00f6zel hayat ile ilgili a\u00e7\u0131klamalar, baz\u0131 g\u00fcncel meselelere \u00e7\u00f6z\u00fcmler\u2026 Ayr\u0131ca Kuran\u0131 Kerim b\u00f6l\u00fcm\u00fcnden Prof.Dr Mehmet Emin Ay\u2019\u0131n Hatmini dinleyebilir,takip edebilirsiniz.<\/p>\n<\/td>\n<td align=\"center\" width=\"110\"><img decoding=\"async\" src=\"https:\/\/www.goldsoft.com.tr\/data\/product\/images\/small\/18.jpg\" alt=\"\" border=\"0\"><img loading=\"lazy\" decoding=\"async\" class=\"alignnone size-full wp-image-3405\" src=\"http:\/\/www.islamiyazilimlar.com\/wp-content\/uploads\/2023\/05\/Kutubi-Sitte-1-01.png\" alt=\"\" width=\"418\" height=\"418\"><\/td>\n<\/tr>\n<tr>\n<td dir=\"ltr\" align=\"left\" width=\"450\">\n<p>Ayr\u0131ca PC \u00fcr\u00fcnlerimizin yan\u0131na mobil versiyonlar\u0131n\u0131n y\u0131l sonuna kadar ge\u00e7erli kupon kodlar\u0131 hediye!<\/p>\n<p><strong>Sat\u0131n al\u0131m\u0131n ard\u0131ndan mail ile an\u0131nda dijital olarak t\u00fcm i\u00e7eriklere sahip olabilirsiniz.<\/strong><\/p>\n<\/td>\n<td align=\"center\" width=\"110\">&nbsp;<\/td>\n<\/tr>\n<\/tbody>\n<\/table>\t\t\t\t\t\t<\/div>\n\t\t\t\t<\/div>\n\t\t\t\t\t<\/div>\n\t\t<\/div>\n\t\t\t\t\t\t\t<\/div>\n\t\t<\/section>\n\t\t\t\t\t<\/div>\n\t\t<\/div>\n\t\t\t\t\t\t\t<\/div>\n\t\t<\/section>\n\t\t\t\t\t\t\t<\/div>","protected":false},"excerpt":{"rendered":"<p><strong>Alim S\u00fcper Set ile Sizin ve \u00c7ocuklar\u0131n\u0131z i\u00e7in toplam 6 adetlik \u00dcr\u00fcn Setimiz Bir Arada!<\/strong><\/p>\n<p><strong>Sat\u0131n al\u0131m\u0131n ard\u0131ndan mail ile an\u0131nda dijital olarak t\u00fcm i\u00e7eriklere sahip olabilirsiniz.<\/strong><\/p>","protected":false},"featured_media":8702,"template":"","meta":{"om_disable_all_campaigns":false,"_monsterinsights_skip_tracking":false,"_monsterinsights_sitenote_active":false,"_monsterinsights_sitenote_note":"","_monsterinsights_sitenote_category":0,"_joinchat":[]},"product_cat":[85],"product_tag":[],"class_list":{"0":"post-8655","1":"product","2":"type-product","3":"status-publish","4":"has-post-thumbnail","6":"product_cat-applications","8":"first","9":"instock","10":"virtual","11":"purchasable","12":"product-type-woosb"},"aioseo_notices":[],"_links":{"self":[{"href":"https:\/\/alimkids.net\/tr\/wp-json\/wp\/v2\/product\/8655","targetHints":{"allow":["GET"]}}],"collection":[{"href":"https:\/\/alimkids.net\/tr\/wp-json\/wp\/v2\/product"}],"about":[{"href":"https:\/\/alimkids.net\/tr\/wp-json\/wp\/v2\/types\/product"}],"version-history":[{"count":13,"href":"https:\/\/alimkids.net\/tr\/wp-json\/wp\/v2\/product\/8655\/revisions"}],"predecessor-version":[{"id":9166,"href":"https:\/\/alimkids.net\/tr\/wp-json\/wp\/v2\/product\/8655\/revisions\/9166"}],"wp:featuredmedia":[{"embeddable":true,"href":"https:\/\/alimkids.net\/tr\/wp-json\/wp\/v2\/media\/8702"}],"wp:attachment":[{"href":"https:\/\/alimkids.net\/tr\/wp-json\/wp\/v2\/media?parent=8655"}],"wp:term":[{"taxonomy":"product_cat","embeddable":true,"href":"https:\/\/alimkids.net\/tr\/wp-json\/wp\/v2\/product_cat?post=8655"},{"taxonomy":"product_tag","embeddable":true,"href":"https:\/\/alimkids.net\/tr\/wp-json\/wp\/v2\/product_tag?post=8655"}],"curies":[{"name":"wp","href":"https:\/\/api.w.org\/{rel}","templated":true}]}}