{"id":8658,"date":"2024-03-04T14:37:05","date_gmt":"2024-03-04T11:37:05","guid":{"rendered":"https:\/\/alimkids.net\/?post_type=product&#038;p=8658"},"modified":"2024-03-08T10:27:50","modified_gmt":"2024-03-08T07:27:50","slug":"kidspark-oyun-bahcesi","status":"publish","type":"product","link":"https:\/\/alimkids.net\/tr\/urun\/kidspark-oyun-bahcesi\/","title":{"rendered":"KidsPark Oyun Bah\u00e7esi"},"content":{"rendered":"","protected":false},"excerpt":{"rendered":"<p>Birbirinden harika tam 32 tane oyun!<br \/>\nHem e\u011flenceli hem \u00f6\u011fretici oyunlar\u0131n bulundu\u011fu harika bir uygulama.<br \/>\nMuhte\u015fem oyunlar\u0131n bulundu\u011fu bu uygulama i\u00e7erisinde birbirinden farkl\u0131 t\u00fcrde oyunlar var;<br \/>\n\u2013 Zeka Oyunlar\u0131<br \/>\n\u2013 Bulmaca Oyunlar\u0131<br \/>\n\u2013 Boyama Oyunlar\u0131<br \/>\n\u2013 Kelime Oyunlar\u0131<br \/>\n\u2013 Aksiyon Oyunlar\u0131<br \/>\n\u2013 Macera Oyunlar\u0131<br \/>\n\u2013 Yar\u0131\u015f Oyunlar\u0131<br \/>\n\u0130\u00e7erisinde Tam 32 Tane Oyun var. Hepsi de birbirinden e\u011flenceli ve \u00f6\u011fretici.<\/p>","protected":false},"featured_media":8711,"template":"","meta":{"om_disable_all_campaigns":false,"_monsterinsights_skip_tracking":false,"_monsterinsights_sitenote_active":false,"_monsterinsights_sitenote_note":"","_monsterinsights_sitenote_category":0,"_joinchat":[]},"product_cat":[85],"product_tag":[],"class_list":{"0":"post-8658","1":"product","2":"type-product","3":"status-publish","4":"has-post-thumbnail","6":"product_cat-applications","8":"first","9":"instock","10":"shipping-taxable","11":"product-type-external"},"aioseo_notices":[],"_links":{"self":[{"href":"https:\/\/alimkids.net\/tr\/wp-json\/wp\/v2\/product\/8658","targetHints":{"allow":["GET"]}}],"collection":[{"href":"https:\/\/alimkids.net\/tr\/wp-json\/wp\/v2\/product"}],"about":[{"href":"https:\/\/alimkids.net\/tr\/wp-json\/wp\/v2\/types\/product"}],"version-history":[{"count":3,"href":"https:\/\/alimkids.net\/tr\/wp-json\/wp\/v2\/product\/8658\/revisions"}],"predecessor-version":[{"id":8793,"href":"https:\/\/alimkids.net\/tr\/wp-json\/wp\/v2\/product\/8658\/revisions\/8793"}],"wp:featuredmedia":[{"embeddable":true,"href":"https:\/\/alimkids.net\/tr\/wp-json\/wp\/v2\/media\/8711"}],"wp:attachment":[{"href":"https:\/\/alimkids.net\/tr\/wp-json\/wp\/v2\/media?parent=8658"}],"wp:term":[{"taxonomy":"product_cat","embeddable":true,"href":"https:\/\/alimkids.net\/tr\/wp-json\/wp\/v2\/product_cat?post=8658"},{"taxonomy":"product_tag","embeddable":true,"href":"https:\/\/alimkids.net\/tr\/wp-json\/wp\/v2\/product_tag?post=8658"}],"curies":[{"name":"wp","href":"https:\/\/api.w.org\/{rel}","templated":true}]}}