{"id":8659,"date":"2024-03-04T14:37:06","date_gmt":"2024-03-04T11:37:06","guid":{"rendered":"https:\/\/alimkids.net\/?post_type=product&#038;p=8659"},"modified":"2024-03-08T10:05:24","modified_gmt":"2024-03-08T07:05:24","slug":"elifba-tecvid-ile-kuran-ogren","status":"publish","type":"product","link":"https:\/\/alimkids.net\/tr\/urun\/elifba-tecvid-ile-kuran-ogren\/","title":{"rendered":"ElifBa Tecvid ile Kuran \u00d6\u011fren"},"content":{"rendered":"","protected":false},"excerpt":{"rendered":"<p>Video anlat\u0131ml\u0131, resimli ve sesli Elifba ve Tecvid Dersleri ile Kur\u2019an okumay\u0131 \u00f6\u011frenin.<br \/>\nKuran okumay\u0131 \u00f6\u011frenmek i\u00e7in gerekli elif-ba dersleri, tecvid kurallar\u0131 ve \u00f6rnekler bulunmaktad\u0131r. S\u0131nav b\u00f6l\u00fcm\u00fc ile eksik oldu\u011funuz konular\u0131 tespit edip buralar\u0131 tekrarlayabilirsiniz.<\/p>\n<p>\u2013 Kuran okumay\u0131 \u00f6\u011frenmek istiyorsan\u0131z harika bir Elif Ba uygulamas\u0131. Bu program ile hem ElifBa hem de Tecvid \u00f6\u011frenerek daha g\u00fczel Kuran okuyabilirsiniz.<br \/>\n\u2013 Birbirinden farkl\u0131 \u00f6rnekler ile elif ba \u00f6\u011frenin, tecvid ile daha g\u00fczel Kuran okuyun.<\/p>\n<p>17 b\u00f6l\u00fcmden olu\u015fan ElifBa Dersleri; Harfler, Harflerin Mahre\u00e7leri, Harflerin Yaz\u0131l\u0131\u015flar\u0131, \u00dcst\u00fcn, Esre, \u00d6tre, Cezm, \u015eedde, Tenvin, Med Harfleri, \u00c7eker, Elif Lam\u2019\u0131n Okunu\u015fu, Duru\u015f \u015eekilleri, Huruf-u Mukatta\u2019a, Allah Kelimesinin Okunu\u015fu, Say\u0131lar, \u0130\u015faretler.<br \/>\n19 b\u00f6l\u00fcmden olu\u015fan Tecvid Dersleri ile Kur\u2019an okumay\u0131 \u00f6\u011frenin.<\/p>","protected":false},"featured_media":8713,"template":"","meta":{"om_disable_all_campaigns":false,"_monsterinsights_skip_tracking":false,"_monsterinsights_sitenote_active":false,"_monsterinsights_sitenote_note":"","_monsterinsights_sitenote_category":0,"_joinchat":[]},"product_cat":[85],"product_tag":[],"class_list":{"0":"post-8659","1":"product","2":"type-product","3":"status-publish","4":"has-post-thumbnail","6":"product_cat-applications","8":"first","9":"instock","10":"shipping-taxable","11":"product-type-external"},"aioseo_notices":[],"_links":{"self":[{"href":"https:\/\/alimkids.net\/tr\/wp-json\/wp\/v2\/product\/8659","targetHints":{"allow":["GET"]}}],"collection":[{"href":"https:\/\/alimkids.net\/tr\/wp-json\/wp\/v2\/product"}],"about":[{"href":"https:\/\/alimkids.net\/tr\/wp-json\/wp\/v2\/types\/product"}],"version-history":[{"count":4,"href":"https:\/\/alimkids.net\/tr\/wp-json\/wp\/v2\/product\/8659\/revisions"}],"predecessor-version":[{"id":8773,"href":"https:\/\/alimkids.net\/tr\/wp-json\/wp\/v2\/product\/8659\/revisions\/8773"}],"wp:featuredmedia":[{"embeddable":true,"href":"https:\/\/alimkids.net\/tr\/wp-json\/wp\/v2\/media\/8713"}],"wp:attachment":[{"href":"https:\/\/alimkids.net\/tr\/wp-json\/wp\/v2\/media?parent=8659"}],"wp:term":[{"taxonomy":"product_cat","embeddable":true,"href":"https:\/\/alimkids.net\/tr\/wp-json\/wp\/v2\/product_cat?post=8659"},{"taxonomy":"product_tag","embeddable":true,"href":"https:\/\/alimkids.net\/tr\/wp-json\/wp\/v2\/product_tag?post=8659"}],"curies":[{"name":"wp","href":"https:\/\/api.w.org\/{rel}","templated":true}]}}