{"id":8660,"date":"2024-03-04T14:37:06","date_gmt":"2024-03-04T11:37:06","guid":{"rendered":"https:\/\/alimkids.net\/?post_type=product&#038;p=8660"},"modified":"2024-03-08T10:00:14","modified_gmt":"2024-03-08T07:00:14","slug":"namaz-namaz-nasil-kilinir","status":"publish","type":"product","link":"https:\/\/alimkids.net\/tr\/urun\/namaz-namaz-nasil-kilinir\/","title":{"rendered":"Namaz \u2013 Namaz Nas\u0131l K\u0131l\u0131n\u0131r"},"content":{"rendered":"","protected":false},"excerpt":{"rendered":"<p>3 Boyutlu animasyonlar ile zenginle\u015ftirilmi\u015f Namaz Hocas\u0131, dini bilgiler seni bekliyor.<\/p>\n<p>\u2013 Namaz nas\u0131l k\u0131l\u0131n\u0131r? K\u0131z ve Erkek i\u00e7in 3D animasyon ile t\u00fcm namazlar\u0131n k\u0131l\u0131n\u0131\u015f\u0131<br \/>\n\u2013 Abdest nas\u0131l al\u0131n\u0131r? 3D Karakter ile Abdest animasyonu<br \/>\n\u2013 Namaz i\u00e7erisinde okunan Sureler ve Dualar<br \/>\n\u2013 Rabbimiz, Dua, \u0130lmihal, Cami, Ezan, Kur\u2019an-\u0131 Kerim gibi dini bilgiler.<br \/>\n\u2013 Namazdayken okunan Sureler ve Dualar\u0131 ezberlemeniz i\u00e7in kelime takipli \u00f6zellik.<\/p>\n<p>\u2013 Namaz k\u0131larken nelere dikkat edilmeli?<br \/>\n\u2013 Sureler ve Dualar nas\u0131l okunur?<br \/>\n\u2013 Dua nas\u0131l edilir?<br \/>\n\u2013 Rabbimi \u00c7ok Seviyorum<br \/>\n\u2013 Ezan Vakitleri<br \/>\nDiyanetten onayl\u0131 i\u00e7eriklerimiz ile \u0130slami Bilgileri \u00e7ocu\u011funuzun manevi geli\u015fimine yard\u0131mc\u0131 olun, \u0130nternette ailenizi zararl\u0131 uygulamalardan koruyun, g\u00fcvenilir uygulamam\u0131zla ailece hem e\u011flenin hemde \u00f6\u011frenin.<\/p>\n<p>\u0130\u00e7indekiler;<br \/>\n1-) Abdest \u0130lmihali<br \/>\n\u2013 Abdestin Farzlar\u0131<br \/>\n\u2013 Neler Abdesti Bozar?<br \/>\n\u2013 Abdesti Bozmayan \u015eeyler Nelerdir?<br \/>\n\u2013 Abdestin S\u00fcnnetleri<br \/>\n\u2013 Gusl\u00fcn Farzlar\u0131 ve S\u00fcnnetleri<br \/>\n\u2013 Teyemm\u00fcm Nas\u0131l Al\u0131n\u0131r?<br \/>\n2) Namaz<br \/>\n\u2013 Erkek ve Bayan Sabah, \u00d6\u011flen, \u0130kindi, Ak\u015fam ve Yats\u0131 Namazlar\u0131 Nas\u0131l K\u0131l\u0131n\u0131r?<br \/>\n\u2013 Cuma, Teravih, Bayram, Cenaze Namazlar\u0131n\u0131n K\u0131l\u0131n\u0131\u015f\u0131<br \/>\n\u2013 Namaz\u0131n Farzlar\u0131 Nelerdir?<br \/>\n\u2013 Namaz\u0131 Bozan \u015eeyler<br \/>\n\u2013 Sehiv Secdesi Nas\u0131l Yap\u0131l\u0131r?<br \/>\n\u2013 Ezan ve Kamet<br \/>\n\u2013 Caminin B\u00f6l\u00fcmleri<br \/>\n3) Sureler ve Dualar<br \/>\n\u2013 Namazda Okunan Sureler ve Dualar<br \/>\n4) Ezan Vakitleri<\/p>","protected":false},"featured_media":8715,"template":"","meta":{"om_disable_all_campaigns":false,"_monsterinsights_skip_tracking":false,"_monsterinsights_sitenote_active":false,"_monsterinsights_sitenote_note":"","_monsterinsights_sitenote_category":0,"_joinchat":[]},"product_cat":[85],"product_tag":[],"class_list":{"0":"post-8660","1":"product","2":"type-product","3":"status-publish","4":"has-post-thumbnail","6":"product_cat-applications","8":"first","9":"instock","10":"shipping-taxable","11":"product-type-external"},"aioseo_notices":[],"_links":{"self":[{"href":"https:\/\/alimkids.net\/tr\/wp-json\/wp\/v2\/product\/8660","targetHints":{"allow":["GET"]}}],"collection":[{"href":"https:\/\/alimkids.net\/tr\/wp-json\/wp\/v2\/product"}],"about":[{"href":"https:\/\/alimkids.net\/tr\/wp-json\/wp\/v2\/types\/product"}],"version-history":[{"count":3,"href":"https:\/\/alimkids.net\/tr\/wp-json\/wp\/v2\/product\/8660\/revisions"}],"predecessor-version":[{"id":8770,"href":"https:\/\/alimkids.net\/tr\/wp-json\/wp\/v2\/product\/8660\/revisions\/8770"}],"wp:featuredmedia":[{"embeddable":true,"href":"https:\/\/alimkids.net\/tr\/wp-json\/wp\/v2\/media\/8715"}],"wp:attachment":[{"href":"https:\/\/alimkids.net\/tr\/wp-json\/wp\/v2\/media?parent=8660"}],"wp:term":[{"taxonomy":"product_cat","embeddable":true,"href":"https:\/\/alimkids.net\/tr\/wp-json\/wp\/v2\/product_cat?post=8660"},{"taxonomy":"product_tag","embeddable":true,"href":"https:\/\/alimkids.net\/tr\/wp-json\/wp\/v2\/product_tag?post=8660"}],"curies":[{"name":"wp","href":"https:\/\/api.w.org\/{rel}","templated":true}]}}