{"id":8661,"date":"2024-03-04T14:37:06","date_gmt":"2024-03-04T11:37:06","guid":{"rendered":"https:\/\/alimkids.net\/?post_type=product&#038;p=8661"},"modified":"2024-03-08T09:18:59","modified_gmt":"2024-03-08T06:18:59","slug":"alim-muallim-dini-bilgiler","status":"publish","type":"product","link":"https:\/\/alimkids.net\/tr\/urun\/alim-muallim-dini-bilgiler\/","title":{"rendered":"Alim &amp; Muallim \u2013 Dini Bilgiler"},"content":{"rendered":"","protected":false},"excerpt":{"rendered":"<p>Uygulama \u0130slam dini konular\u0131 hakk\u0131nda zengin bilgiler i\u00e7ermektedir.<br \/>\n* Elifba ve tecvid animasyonlu dersleri ile Kur\u2019an \u00f6\u011frenmek hem kolay hem de e\u011flenceli bir hal almaktad\u0131r.<br \/>\n*The life stories of our Prophet Muhammad (peace be upon him) and other prophets, video narratives about Prophet Muhammad&#8217;s\u00a0 \u00a0 interactions and love for children, and explanations about Prophet Muhammad&#8217;s companions.&#8221;<br \/>\n*Namaz ve abdest -Erkek\/Kad\u0131n- hakk\u0131nda farzlar ve gerekli bilgiler 3 boyutlu video anlat\u0131mlar,<br \/>\n*Dua etmenin \u00f6nemi, peygamber efendimiz (sav)\u2019\u0131n dilinden dualar ve Kur\u2019an-\u0131 Kerim den dua \u00f6rnekleri,<br \/>\n*Genel k\u00fclt\u00fcrde bilgi birikiminizi destekleyecek ve yeni kelime-c\u00fcmle \u00f6\u011frenecek veya peki\u015ftirecek, c\u00fcmlelerin kategorileri (Atas\u00f6z\u00fc, Hadis, Vecize, Ayet) ve anlamlar\u0131 hakk\u0131nda bilgi sahibi olabilece\u011finiz b\u00f6l\u00fcmler uygulamada yer almaktad\u0131r.<\/p>\n<p>Kur\u2019an<br \/>\n\u2013 ElifBa ve Tecvid<br \/>\nSiyer<br \/>\n\u2013 Can\u0131m Peygamberim<br \/>\n\u2013 \u00c7ocuk ve Peygamber<br \/>\n\u2013 Peygamberimizin Arkada\u015flar\u0131<br \/>\n\u2013 Peygamberler Tarihi<br \/>\n\u0130lmihal<br \/>\n\u2013 Rabbimi \u00c7ok Seviyorum<br \/>\n\u2013 Namaz Nas\u0131l K\u0131l\u0131n\u0131r<br \/>\n\u2013 Namaz Dualar\u0131 ve K\u0131sa Sureler<br \/>\n\u2013 Hac ve Umre Rehberi<br \/>\n\u2013 Ramazan Oru\u00e7 \u0130msakiye<br \/>\nDua<br \/>\n\u2013 Dua Nas\u0131l Edilir<br \/>\n\u2013 Dini Hik\u00e2yeler<br \/>\nBilgi<br \/>\n\u2013 C\u00fcmle Kurma<br \/>\n\u2013 Bilgi Yar\u0131\u015fmas\u0131<br \/>\n\u2013 Bulmaca<\/p>","protected":false},"featured_media":8717,"template":"","meta":{"om_disable_all_campaigns":false,"_monsterinsights_skip_tracking":false,"_monsterinsights_sitenote_active":false,"_monsterinsights_sitenote_note":"","_monsterinsights_sitenote_category":0,"_joinchat":[]},"product_cat":[85],"product_tag":[],"class_list":{"0":"post-8661","1":"product","2":"type-product","3":"status-publish","4":"has-post-thumbnail","6":"product_cat-applications","8":"first","9":"instock","10":"shipping-taxable","11":"product-type-external"},"aioseo_notices":[],"_links":{"self":[{"href":"https:\/\/alimkids.net\/tr\/wp-json\/wp\/v2\/product\/8661","targetHints":{"allow":["GET"]}}],"collection":[{"href":"https:\/\/alimkids.net\/tr\/wp-json\/wp\/v2\/product"}],"about":[{"href":"https:\/\/alimkids.net\/tr\/wp-json\/wp\/v2\/types\/product"}],"version-history":[{"count":6,"href":"https:\/\/alimkids.net\/tr\/wp-json\/wp\/v2\/product\/8661\/revisions"}],"predecessor-version":[{"id":8902,"href":"https:\/\/alimkids.net\/tr\/wp-json\/wp\/v2\/product\/8661\/revisions\/8902"}],"wp:featuredmedia":[{"embeddable":true,"href":"https:\/\/alimkids.net\/tr\/wp-json\/wp\/v2\/media\/8717"}],"wp:attachment":[{"href":"https:\/\/alimkids.net\/tr\/wp-json\/wp\/v2\/media?parent=8661"}],"wp:term":[{"taxonomy":"product_cat","embeddable":true,"href":"https:\/\/alimkids.net\/tr\/wp-json\/wp\/v2\/product_cat?post=8661"},{"taxonomy":"product_tag","embeddable":true,"href":"https:\/\/alimkids.net\/tr\/wp-json\/wp\/v2\/product_tag?post=8661"}],"curies":[{"name":"wp","href":"https:\/\/api.w.org\/{rel}","templated":true}]}}