{"id":8663,"date":"2024-03-04T14:37:06","date_gmt":"2024-03-04T11:37:06","guid":{"rendered":"https:\/\/alimkids.net\/?post_type=product&#038;p=8663"},"modified":"2024-03-08T10:16:15","modified_gmt":"2024-03-08T07:16:15","slug":"hayatus-sahabe","status":"publish","type":"product","link":"https:\/\/alimkids.net\/tr\/urun\/hayatus-sahabe\/","title":{"rendered":"Hayat\u00fc\u2019s Sahabe"},"content":{"rendered":"","protected":false},"excerpt":{"rendered":"<p>Uygulamam\u0131z a\u015fa\u011f\u0131daki i\u00e7erikleri bar\u0131nd\u0131rmaktad\u0131r:<br \/>\n\u2013 Hayat\u00fc\u2019s Sahabe: Hem video i\u00e7erikleri hem de okuma modlar\u0131 ile sahabe efendilerimizin hayatlar\u0131n\u0131 \u00f6\u011frenebileceksiniz.<br \/>\n\u2013 Hazreti Muhammed (Sallallahu Aleyhi ve Sellem) \u2018in hayat\u0131n<br \/>\n\u2013 Peygamberler tarihi ve hayatlar\u0131ndan kesitler<br \/>\n\u2013 Peygamberimizin ashab\u0131 gibi konularda bilgi sahibi olabileceksiniz.<\/p>","protected":false},"featured_media":8721,"template":"","meta":{"om_disable_all_campaigns":false,"_monsterinsights_skip_tracking":false,"_monsterinsights_sitenote_active":false,"_monsterinsights_sitenote_note":"","_monsterinsights_sitenote_category":0,"_joinchat":[]},"product_cat":[85],"product_tag":[],"class_list":{"0":"post-8663","1":"product","2":"type-product","3":"status-publish","4":"has-post-thumbnail","6":"product_cat-applications","8":"first","9":"instock","10":"shipping-taxable","11":"product-type-external"},"aioseo_notices":[],"_links":{"self":[{"href":"https:\/\/alimkids.net\/tr\/wp-json\/wp\/v2\/product\/8663","targetHints":{"allow":["GET"]}}],"collection":[{"href":"https:\/\/alimkids.net\/tr\/wp-json\/wp\/v2\/product"}],"about":[{"href":"https:\/\/alimkids.net\/tr\/wp-json\/wp\/v2\/types\/product"}],"version-history":[{"count":2,"href":"https:\/\/alimkids.net\/tr\/wp-json\/wp\/v2\/product\/8663\/revisions"}],"predecessor-version":[{"id":8778,"href":"https:\/\/alimkids.net\/tr\/wp-json\/wp\/v2\/product\/8663\/revisions\/8778"}],"wp:featuredmedia":[{"embeddable":true,"href":"https:\/\/alimkids.net\/tr\/wp-json\/wp\/v2\/media\/8721"}],"wp:attachment":[{"href":"https:\/\/alimkids.net\/tr\/wp-json\/wp\/v2\/media?parent=8663"}],"wp:term":[{"taxonomy":"product_cat","embeddable":true,"href":"https:\/\/alimkids.net\/tr\/wp-json\/wp\/v2\/product_cat?post=8663"},{"taxonomy":"product_tag","embeddable":true,"href":"https:\/\/alimkids.net\/tr\/wp-json\/wp\/v2\/product_tag?post=8663"}],"curies":[{"name":"wp","href":"https:\/\/api.w.org\/{rel}","templated":true}]}}