{"id":8664,"date":"2024-03-04T14:37:06","date_gmt":"2024-03-04T11:37:06","guid":{"rendered":"https:\/\/alimkids.net\/?post_type=product&#038;p=8664"},"modified":"2024-03-08T10:17:32","modified_gmt":"2024-03-08T07:17:32","slug":"kutub-i-sitte","status":"publish","type":"product","link":"https:\/\/alimkids.net\/tr\/urun\/kutub-i-sitte\/","title":{"rendered":"K\u00fct\u00fcb-i Sitte"},"content":{"rendered":"","protected":false},"excerpt":{"rendered":"<p>Uygulamam\u0131zda K\u00fct\u00fcb-i Sitte, Hadis \u0130lmi ve Usul\u00fc, Se\u00e7me Hadisler ve Hadis Ansiklopedisi olmak \u00fczere 4 farkl\u0131 b\u00f6l\u00fcm bulunmaktad\u0131r.<\/p>\n<p>K\u00fct\u00fcb-i Sitte: \u0130man ve islam hakk\u0131nda ayr\u0131nt\u0131l\u0131 bilgiler, Kur\u2019an-\u0131 Kerim ve Hadisler ile ilgili bilgiler, Peygamber Efendimiz (sav) ve Ash\u00e2b-\u0131 Kir\u00e2m \u2018\u0131n ba\u015flar\u0131ndan ge\u00e7en olaylarda uygulad\u0131klar\u0131 \u00e7\u00f6z\u00fcm ve s\u00f6yledikleri s\u00f6zler,<\/p>\n<p>Hadis \u0130lmi ve Usul\u00fc: Hadis nedir, Hadis ilmi neden gereklidir, Hadis usul\u00fc nas\u0131l olmal\u0131d\u0131r, Hadislerin hayatlar\u0131m\u0131zda kaplamas\u0131 gereken yerler nelerdir sorular\u0131na yan\u0131tlar,<\/p>\n<p>Hadis Ansiklopedisi: Hadislerin hepsinin yaz\u0131l\u0131 ve kategorili olarak g\u00f6r\u00fcnt\u00fcleyebilece\u011finiz Ebook format\u0131<\/p>\n<p>Uygulamam\u0131zda sizlerle olacakt\u0131r.<\/p>","protected":false},"featured_media":8723,"template":"","meta":{"om_disable_all_campaigns":false,"_monsterinsights_skip_tracking":false,"_monsterinsights_sitenote_active":false,"_monsterinsights_sitenote_note":"","_monsterinsights_sitenote_category":0,"_joinchat":[]},"product_cat":[85],"product_tag":[],"class_list":{"0":"post-8664","1":"product","2":"type-product","3":"status-publish","4":"has-post-thumbnail","6":"product_cat-applications","8":"first","9":"instock","10":"shipping-taxable","11":"product-type-external"},"aioseo_notices":[],"_links":{"self":[{"href":"https:\/\/alimkids.net\/tr\/wp-json\/wp\/v2\/product\/8664","targetHints":{"allow":["GET"]}}],"collection":[{"href":"https:\/\/alimkids.net\/tr\/wp-json\/wp\/v2\/product"}],"about":[{"href":"https:\/\/alimkids.net\/tr\/wp-json\/wp\/v2\/types\/product"}],"version-history":[{"count":2,"href":"https:\/\/alimkids.net\/tr\/wp-json\/wp\/v2\/product\/8664\/revisions"}],"predecessor-version":[{"id":8779,"href":"https:\/\/alimkids.net\/tr\/wp-json\/wp\/v2\/product\/8664\/revisions\/8779"}],"wp:featuredmedia":[{"embeddable":true,"href":"https:\/\/alimkids.net\/tr\/wp-json\/wp\/v2\/media\/8723"}],"wp:attachment":[{"href":"https:\/\/alimkids.net\/tr\/wp-json\/wp\/v2\/media?parent=8664"}],"wp:term":[{"taxonomy":"product_cat","embeddable":true,"href":"https:\/\/alimkids.net\/tr\/wp-json\/wp\/v2\/product_cat?post=8664"},{"taxonomy":"product_tag","embeddable":true,"href":"https:\/\/alimkids.net\/tr\/wp-json\/wp\/v2\/product_tag?post=8664"}],"curies":[{"name":"wp","href":"https:\/\/api.w.org\/{rel}","templated":true}]}}