{"id":8665,"date":"2024-03-04T14:37:06","date_gmt":"2024-03-04T11:37:06","guid":{"rendered":"https:\/\/alimkids.net\/?post_type=product&#038;p=8665"},"modified":"2024-03-08T10:18:59","modified_gmt":"2024-03-08T07:18:59","slug":"cep-hatim","status":"publish","type":"product","link":"https:\/\/alimkids.net\/tr\/urun\/cep-hatim\/","title":{"rendered":"Cep Hatim"},"content":{"rendered":"","protected":false},"excerpt":{"rendered":"<p>-Kabe\u2019de Namaz esnas\u0131nda okunan Kur\u2019an- Kerim ile hatim yapabileceksiniz.<br \/>\n-\u0130nteraktif men\u00fcs\u00fc ile istediginiz sureyi, c\u00fcz\u00fc veya sayfay\u0131 kolayca se\u00e7ebileceksiniz.<br \/>\n-Ayr\u0131ca ezberlemek istediginiz sureyi tekrarl\u0131 okutturarak kolayl\u0131kla ezber yapabilirsiniz.<br \/>\n-Bu sayede daha rahat daha huzurlu bir hatim yapars\u0131n\u0131z.<br \/>\n-Okunan ayetlerin meallinide alt k\u0131s\u0131mdan takip ederek okuyabilirsiniz.<br \/>\n-Ayra\u00e7 sayesinde uygulamay\u0131 a\u00e7t\u0131\u011f\u0131n\u0131z zaman kald\u0131\u011f\u0131n\u0131z yeri takip edebilir, sure ve c\u00fczleri kald\u0131\u011f\u0131n\u0131z sayfadan ve dakikadan itibaren dinleyebilirsiniz.<\/p>","protected":false},"featured_media":8725,"template":"","meta":{"om_disable_all_campaigns":false,"_monsterinsights_skip_tracking":false,"_monsterinsights_sitenote_active":false,"_monsterinsights_sitenote_note":"","_monsterinsights_sitenote_category":0,"_joinchat":[]},"product_cat":[85],"product_tag":[],"class_list":{"0":"post-8665","1":"product","2":"type-product","3":"status-publish","4":"has-post-thumbnail","6":"product_cat-applications","8":"first","9":"instock","10":"shipping-taxable","11":"product-type-external"},"aioseo_notices":[],"_links":{"self":[{"href":"https:\/\/alimkids.net\/tr\/wp-json\/wp\/v2\/product\/8665","targetHints":{"allow":["GET"]}}],"collection":[{"href":"https:\/\/alimkids.net\/tr\/wp-json\/wp\/v2\/product"}],"about":[{"href":"https:\/\/alimkids.net\/tr\/wp-json\/wp\/v2\/types\/product"}],"version-history":[{"count":3,"href":"https:\/\/alimkids.net\/tr\/wp-json\/wp\/v2\/product\/8665\/revisions"}],"predecessor-version":[{"id":8781,"href":"https:\/\/alimkids.net\/tr\/wp-json\/wp\/v2\/product\/8665\/revisions\/8781"}],"wp:featuredmedia":[{"embeddable":true,"href":"https:\/\/alimkids.net\/tr\/wp-json\/wp\/v2\/media\/8725"}],"wp:attachment":[{"href":"https:\/\/alimkids.net\/tr\/wp-json\/wp\/v2\/media?parent=8665"}],"wp:term":[{"taxonomy":"product_cat","embeddable":true,"href":"https:\/\/alimkids.net\/tr\/wp-json\/wp\/v2\/product_cat?post=8665"},{"taxonomy":"product_tag","embeddable":true,"href":"https:\/\/alimkids.net\/tr\/wp-json\/wp\/v2\/product_tag?post=8665"}],"curies":[{"name":"wp","href":"https:\/\/api.w.org\/{rel}","templated":true}]}}