{"id":8666,"date":"2024-03-04T14:37:06","date_gmt":"2024-03-04T11:37:06","guid":{"rendered":"https:\/\/alimkids.net\/?post_type=product&#038;p=8666"},"modified":"2024-03-08T10:20:04","modified_gmt":"2024-03-08T07:20:04","slug":"ramazan-oruc-imsakiye","status":"publish","type":"product","link":"https:\/\/alimkids.net\/tr\/urun\/ramazan-oruc-imsakiye\/","title":{"rendered":"Ramazan Oru\u00e7 \u0130msakiye"},"content":{"rendered":"","protected":false},"excerpt":{"rendered":"<p>Animasyonlar ile zenginle\u015ftirilmi\u015f Ramazan Rehberi ile Oru\u00e7 ve \u0130msakiye hakk\u0131nda her \u015feyi \u00f6\u011frenebilirsiniz.<br \/>\nRamazan Ay\u0131 ile ilgili her \u015feye bu uygulama ile ula\u015fabilirsiniz. Oru\u00e7 hakk\u0131nda bilgiler, Ramazan hakk\u0131nda genel bilgiler, Peygamberimiz ve Ramazan b\u00f6l\u00fcmleri ile akl\u0131n\u0131zdaki sorulara cevap bulabilirsiniz.<br \/>\n\u2013 Kur\u2019an Ay\u0131 Ramazan<br \/>\n\u2013 Oru\u00e7 Tut S\u0131hhat<br \/>\n\u2013 Sahura Kalk\u0131yoruz<br \/>\n\u2013 \u0130ftar Ediyoruz<br \/>\n\u2013 Orucum Bozuldu mu?<br \/>\n\u2013 Peygamberimiz ve Ramazan<\/p>","protected":false},"featured_media":8727,"template":"","meta":{"om_disable_all_campaigns":false,"_monsterinsights_skip_tracking":false,"_monsterinsights_sitenote_active":false,"_monsterinsights_sitenote_note":"","_monsterinsights_sitenote_category":0,"_joinchat":[]},"product_cat":[85],"product_tag":[],"class_list":{"0":"post-8666","1":"product","2":"type-product","3":"status-publish","4":"has-post-thumbnail","6":"product_cat-applications","8":"first","9":"instock","10":"shipping-taxable","11":"product-type-external"},"aioseo_notices":[],"_links":{"self":[{"href":"https:\/\/alimkids.net\/tr\/wp-json\/wp\/v2\/product\/8666","targetHints":{"allow":["GET"]}}],"collection":[{"href":"https:\/\/alimkids.net\/tr\/wp-json\/wp\/v2\/product"}],"about":[{"href":"https:\/\/alimkids.net\/tr\/wp-json\/wp\/v2\/types\/product"}],"version-history":[{"count":3,"href":"https:\/\/alimkids.net\/tr\/wp-json\/wp\/v2\/product\/8666\/revisions"}],"predecessor-version":[{"id":8783,"href":"https:\/\/alimkids.net\/tr\/wp-json\/wp\/v2\/product\/8666\/revisions\/8783"}],"wp:featuredmedia":[{"embeddable":true,"href":"https:\/\/alimkids.net\/tr\/wp-json\/wp\/v2\/media\/8727"}],"wp:attachment":[{"href":"https:\/\/alimkids.net\/tr\/wp-json\/wp\/v2\/media?parent=8666"}],"wp:term":[{"taxonomy":"product_cat","embeddable":true,"href":"https:\/\/alimkids.net\/tr\/wp-json\/wp\/v2\/product_cat?post=8666"},{"taxonomy":"product_tag","embeddable":true,"href":"https:\/\/alimkids.net\/tr\/wp-json\/wp\/v2\/product_tag?post=8666"}],"curies":[{"name":"wp","href":"https:\/\/api.w.org\/{rel}","templated":true}]}}