{"id":8667,"date":"2024-03-04T14:37:06","date_gmt":"2024-03-04T11:37:06","guid":{"rendered":"https:\/\/alimkids.net\/?post_type=product&#038;p=8667"},"modified":"2024-03-08T10:21:11","modified_gmt":"2024-03-08T07:21:11","slug":"siyer-peygamberlerin-hayati","status":"publish","type":"product","link":"https:\/\/alimkids.net\/tr\/urun\/siyer-peygamberlerin-hayati\/","title":{"rendered":"Siyer \u2013 Peygamberlerin Hayat\u0131"},"content":{"rendered":"","protected":false},"excerpt":{"rendered":"<p>\u2013 Peygamber Efendimiz Hz. Muhammed Mustafa (S.A.V) \u2018 in Hayat\u0131n\u0131 \u00e7ocuklar\u0131n\u0131z ile birlikte \u00f6\u011frenin.<br \/>\n\u2013 \u00c7ocuklar ve Peygamberimiz aras\u0131ndaki hikayeleri hem dinleyin hem de izleyin.<br \/>\n\u2013 Peygamberimizin arkada\u015flar\u0131 Sahabelerin hayatlar\u0131n\u0131n anlat\u0131ld\u0131\u011f\u0131 i\u00e7erikler ile bilgilerinizi tazeleyin.<br \/>\n\u2013 T\u00fcm Peygamberlerin hayatlar\u0131n\u0131 \u00f6\u011frenin.<br \/>\n\u00c7ocuklar\u0131n\u0131z ile birlikte izleyebilece\u011finiz; Peygamberimizin Hayat\u0131n\u0131,Peygamberimizin Arkada\u015flar\u0131n\u0131n Hayatlar\u0131n\u0131 ve T\u00fcm Peygamberlerin hayatlar\u0131n\u0131 \u00f6\u011frenebilece\u011finiz e\u015fsiz bir uygulama sizlerle\u2026<\/p>","protected":false},"featured_media":8729,"template":"","meta":{"om_disable_all_campaigns":false,"_monsterinsights_skip_tracking":false,"_monsterinsights_sitenote_active":false,"_monsterinsights_sitenote_note":"","_monsterinsights_sitenote_category":0,"_joinchat":[]},"product_cat":[85],"product_tag":[],"class_list":{"0":"post-8667","1":"product","2":"type-product","3":"status-publish","4":"has-post-thumbnail","6":"product_cat-applications","8":"first","9":"instock","10":"shipping-taxable","11":"product-type-external"},"aioseo_notices":[],"_links":{"self":[{"href":"https:\/\/alimkids.net\/tr\/wp-json\/wp\/v2\/product\/8667","targetHints":{"allow":["GET"]}}],"collection":[{"href":"https:\/\/alimkids.net\/tr\/wp-json\/wp\/v2\/product"}],"about":[{"href":"https:\/\/alimkids.net\/tr\/wp-json\/wp\/v2\/types\/product"}],"version-history":[{"count":4,"href":"https:\/\/alimkids.net\/tr\/wp-json\/wp\/v2\/product\/8667\/revisions"}],"predecessor-version":[{"id":8904,"href":"https:\/\/alimkids.net\/tr\/wp-json\/wp\/v2\/product\/8667\/revisions\/8904"}],"wp:featuredmedia":[{"embeddable":true,"href":"https:\/\/alimkids.net\/tr\/wp-json\/wp\/v2\/media\/8729"}],"wp:attachment":[{"href":"https:\/\/alimkids.net\/tr\/wp-json\/wp\/v2\/media?parent=8667"}],"wp:term":[{"taxonomy":"product_cat","embeddable":true,"href":"https:\/\/alimkids.net\/tr\/wp-json\/wp\/v2\/product_cat?post=8667"},{"taxonomy":"product_tag","embeddable":true,"href":"https:\/\/alimkids.net\/tr\/wp-json\/wp\/v2\/product_tag?post=8667"}],"curies":[{"name":"wp","href":"https:\/\/api.w.org\/{rel}","templated":true}]}}