{"id":8668,"date":"2024-03-04T14:37:06","date_gmt":"2024-03-04T11:37:06","guid":{"rendered":"https:\/\/alimkids.net\/?post_type=product&#038;p=8668"},"modified":"2024-03-08T10:22:53","modified_gmt":"2024-03-08T07:22:53","slug":"sureler-dualar-cevsen","status":"publish","type":"product","link":"https:\/\/alimkids.net\/tr\/urun\/sureler-dualar-cevsen\/","title":{"rendered":"Sureler Dualar Cev\u015fen"},"content":{"rendered":"","protected":false},"excerpt":{"rendered":"<p class=\"translation-block\">Bu uygulama ile,<br>\n\u2013 Namazda okunan k\u0131sa sureler-dualar\u0131 ok takipli ve sesli videolar ile izleyebilirsiniz.<br>\n\u2013 Dua etmenin \u00f6nemi, nas\u0131l dua edilmeli, peygamber efendimiz (SAV) in dilinden dualar hakk\u0131nda bilgi sahibi olabileceksiniz.<br>\n\u2013 Rabbimi \u00e7ok seviyorum b\u00f6l\u00fcm\u00fc ile Rabbimizin bizi ne kadar sevdi\u011fi, Rabbimizin isimleri, her \u015feyi yaratan yarat\u0131c\u0131n\u0131n Rabbimiz oldu\u011fu, Rabbimizin her \u015feye g\u00fcc\u00fc yetti\u011fi konular\u0131 ve daha fazlas\u0131 bilgilendirici ve e\u011fitici videolar ile uygulamada mevcuttur.<br>\n\u2013 Cev\u015fen dualar\u0131 b\u00f6l\u00fcm\u00fc ile yeni dualar ve bilgiler i\u00e7eren videolar izleyebileceksiniz.<\/p>\n<p>\u0130yi Seyirler.<\/p>","protected":false},"featured_media":8731,"template":"","meta":{"om_disable_all_campaigns":false,"_monsterinsights_skip_tracking":false,"_monsterinsights_sitenote_active":false,"_monsterinsights_sitenote_note":"","_monsterinsights_sitenote_category":0,"_joinchat":[]},"product_cat":[85],"product_tag":[],"class_list":{"0":"post-8668","1":"product","2":"type-product","3":"status-publish","4":"has-post-thumbnail","6":"product_cat-applications","8":"first","9":"instock","10":"shipping-taxable","11":"product-type-external"},"aioseo_notices":[],"_links":{"self":[{"href":"https:\/\/alimkids.net\/tr\/wp-json\/wp\/v2\/product\/8668","targetHints":{"allow":["GET"]}}],"collection":[{"href":"https:\/\/alimkids.net\/tr\/wp-json\/wp\/v2\/product"}],"about":[{"href":"https:\/\/alimkids.net\/tr\/wp-json\/wp\/v2\/types\/product"}],"version-history":[{"count":4,"href":"https:\/\/alimkids.net\/tr\/wp-json\/wp\/v2\/product\/8668\/revisions"}],"predecessor-version":[{"id":8905,"href":"https:\/\/alimkids.net\/tr\/wp-json\/wp\/v2\/product\/8668\/revisions\/8905"}],"wp:featuredmedia":[{"embeddable":true,"href":"https:\/\/alimkids.net\/tr\/wp-json\/wp\/v2\/media\/8731"}],"wp:attachment":[{"href":"https:\/\/alimkids.net\/tr\/wp-json\/wp\/v2\/media?parent=8668"}],"wp:term":[{"taxonomy":"product_cat","embeddable":true,"href":"https:\/\/alimkids.net\/tr\/wp-json\/wp\/v2\/product_cat?post=8668"},{"taxonomy":"product_tag","embeddable":true,"href":"https:\/\/alimkids.net\/tr\/wp-json\/wp\/v2\/product_tag?post=8668"}],"curies":[{"name":"wp","href":"https:\/\/api.w.org\/{rel}","templated":true}]}}