{"id":8669,"date":"2024-03-04T14:37:06","date_gmt":"2024-03-04T11:37:06","guid":{"rendered":"https:\/\/alimkids.net\/?post_type=product&#038;p=8669"},"modified":"2024-03-08T10:24:22","modified_gmt":"2024-03-08T07:24:22","slug":"hac-ve-umre-rehberi","status":"publish","type":"product","link":"https:\/\/alimkids.net\/tr\/urun\/hac-ve-umre-rehberi\/","title":{"rendered":"Hac ve Umre Rehberi"},"content":{"rendered":"","protected":false},"excerpt":{"rendered":"<p>Animasyonlar ile zenginle\u015ftirilmi\u015f Hac ve Umre Rehberi ile Hac ve Umre hakk\u0131nda her \u015feyi e\u011flenerek \u00f6\u011frenin. Hac nedir, kimler hacca gider? \u0130hram Namaz\u0131 ve niyet nas\u0131l yap\u0131l\u0131r ve Hac le ilgili di\u011fer konularda animasyonlu anlat\u0131mlar bulunmaktad\u0131r.<\/p>","protected":false},"featured_media":8733,"template":"","meta":{"om_disable_all_campaigns":false,"_monsterinsights_skip_tracking":false,"_monsterinsights_sitenote_active":false,"_monsterinsights_sitenote_note":"","_monsterinsights_sitenote_category":0,"_joinchat":[]},"product_cat":[85],"product_tag":[],"class_list":{"0":"post-8669","1":"product","2":"type-product","3":"status-publish","4":"has-post-thumbnail","6":"product_cat-applications","8":"first","9":"instock","10":"shipping-taxable","11":"product-type-external"},"aioseo_notices":[],"_links":{"self":[{"href":"https:\/\/alimkids.net\/tr\/wp-json\/wp\/v2\/product\/8669","targetHints":{"allow":["GET"]}}],"collection":[{"href":"https:\/\/alimkids.net\/tr\/wp-json\/wp\/v2\/product"}],"about":[{"href":"https:\/\/alimkids.net\/tr\/wp-json\/wp\/v2\/types\/product"}],"version-history":[{"count":3,"href":"https:\/\/alimkids.net\/tr\/wp-json\/wp\/v2\/product\/8669\/revisions"}],"predecessor-version":[{"id":8789,"href":"https:\/\/alimkids.net\/tr\/wp-json\/wp\/v2\/product\/8669\/revisions\/8789"}],"wp:featuredmedia":[{"embeddable":true,"href":"https:\/\/alimkids.net\/tr\/wp-json\/wp\/v2\/media\/8733"}],"wp:attachment":[{"href":"https:\/\/alimkids.net\/tr\/wp-json\/wp\/v2\/media?parent=8669"}],"wp:term":[{"taxonomy":"product_cat","embeddable":true,"href":"https:\/\/alimkids.net\/tr\/wp-json\/wp\/v2\/product_cat?post=8669"},{"taxonomy":"product_tag","embeddable":true,"href":"https:\/\/alimkids.net\/tr\/wp-json\/wp\/v2\/product_tag?post=8669"}],"curies":[{"name":"wp","href":"https:\/\/api.w.org\/{rel}","templated":true}]}}