{"id":8670,"date":"2024-03-04T14:37:06","date_gmt":"2024-03-04T11:37:06","guid":{"rendered":"https:\/\/alimkids.net\/?post_type=product&#038;p=8670"},"modified":"2024-03-08T10:25:50","modified_gmt":"2024-03-08T07:25:50","slug":"dini-bilgi-yarismasi","status":"publish","type":"product","link":"https:\/\/alimkids.net\/tr\/urun\/dini-bilgi-yarismasi\/","title":{"rendered":"Dini Bilgi Yar\u0131\u015fmas\u0131"},"content":{"rendered":"","protected":false},"excerpt":{"rendered":"<p>Hem bilgilerinizi kontrol edebilece\u011finiz hem de e\u011flenebilece\u011finiz \u0130slami Bilgilerinizi test edebilece\u011finiz harika bir uygulama!<br \/>\nOyun \u00d6zellikleri:<br \/>\n4 farkl\u0131 oyun bulunmaktad\u0131r;<br \/>\n1- Bilgi Yar\u0131\u015fmas\u0131 : 4 farkl\u0131 \u015f\u0131ktan do\u011fru olan\u0131 se\u00e7erek soruyu bilin!<br \/>\n2- C\u00fcmle Kurma : Kelimeleri yerlerini de\u011fi\u015ftirerek c\u00fcmleyi do\u011fru bir \u015fekilde olu\u015fturun.<br \/>\n3- Bulmaca : Kelimeyi do\u011fru tahmin edin, harfleri d\u00fczg\u00fcn bir \u015fekilde yerle\u015ftirin!<br \/>\n4- Kelime Bulma : Kar\u0131\u015f\u0131k \u015fekilde verilmi\u015f kelimeleri tespit edin ve i\u015faretleyin!<\/p>\n<p>K\u00fc\u00e7\u00fck b\u00fcy\u00fck demeden her kesime hitap eden sorular,bulmacalar,kelime oyunlar\u0131 ve c\u00fcmle kurma oyunlar\u0131 ile kendinizi test edin.<br \/>\n4 farkl\u0131 oyundan olu\u015fan \u0130slam Dini Bilgi Yar\u0131\u015fmalar\u0131 Uygulamas\u0131 hem \u00e7ok e\u011flenceli hem \u00f6\u011fretici.<\/p>","protected":false},"featured_media":8735,"template":"","meta":{"om_disable_all_campaigns":false,"_monsterinsights_skip_tracking":false,"_monsterinsights_sitenote_active":false,"_monsterinsights_sitenote_note":"","_monsterinsights_sitenote_category":0,"_joinchat":[]},"product_cat":[85],"product_tag":[],"class_list":{"0":"post-8670","1":"product","2":"type-product","3":"status-publish","4":"has-post-thumbnail","6":"product_cat-applications","8":"first","9":"instock","10":"shipping-taxable","11":"product-type-external"},"aioseo_notices":[],"_links":{"self":[{"href":"https:\/\/alimkids.net\/tr\/wp-json\/wp\/v2\/product\/8670","targetHints":{"allow":["GET"]}}],"collection":[{"href":"https:\/\/alimkids.net\/tr\/wp-json\/wp\/v2\/product"}],"about":[{"href":"https:\/\/alimkids.net\/tr\/wp-json\/wp\/v2\/types\/product"}],"version-history":[{"count":3,"href":"https:\/\/alimkids.net\/tr\/wp-json\/wp\/v2\/product\/8670\/revisions"}],"predecessor-version":[{"id":8791,"href":"https:\/\/alimkids.net\/tr\/wp-json\/wp\/v2\/product\/8670\/revisions\/8791"}],"wp:featuredmedia":[{"embeddable":true,"href":"https:\/\/alimkids.net\/tr\/wp-json\/wp\/v2\/media\/8735"}],"wp:attachment":[{"href":"https:\/\/alimkids.net\/tr\/wp-json\/wp\/v2\/media?parent=8670"}],"wp:term":[{"taxonomy":"product_cat","embeddable":true,"href":"https:\/\/alimkids.net\/tr\/wp-json\/wp\/v2\/product_cat?post=8670"},{"taxonomy":"product_tag","embeddable":true,"href":"https:\/\/alimkids.net\/tr\/wp-json\/wp\/v2\/product_tag?post=8670"}],"curies":[{"name":"wp","href":"https:\/\/api.w.org\/{rel}","templated":true}]}}