{"id":8671,"date":"2024-03-04T14:37:07","date_gmt":"2024-03-04T11:37:07","guid":{"rendered":"https:\/\/alimkids.net\/?post_type=product&#038;p=8671"},"modified":"2024-03-08T09:44:54","modified_gmt":"2024-03-08T06:44:54","slug":"masallar-hikayeler-fikralar","status":"publish","type":"product","link":"https:\/\/alimkids.net\/tr\/urun\/masallar-hikayeler-fikralar\/","title":{"rendered":"Masallar Hikayeler F\u0131kralar"},"content":{"rendered":"","protected":false},"excerpt":{"rendered":"<p>Birbirinden ilgin\u00e7, e\u011flenceli ve \u00f6\u011fretici masallar ile adeta maceradan maceraya atlayacaks\u0131n\u0131z.<\/p>\n<p>Ya\u015fanm\u0131\u015f nice olaylar i\u00e7inden se\u00e7ilmi\u015f, d\u00fcnya ve ahiret mutlulu\u011funun temel \u00f6l\u00e7\u00fclerini i\u00e7eren k\u0131sa ve \u00f6zl\u00fc hikayeler sesli resimli bir \u015fekilde anlat\u0131lm\u0131\u015ft\u0131r.<\/p>\n<p>\u0130ster masallar\u0131 ve ister hikayeleri istedi\u011finiz zaman izleyebilir isterseniz indirebilir , internet olmadan hem dinleyebilir hem de izleyebilirsiniz.<\/p>\n<p>Nasreddin Hoca F\u0131kralar\u0131 ile g\u00fcl\u00fcn, e\u011flenin.<\/p>","protected":false},"featured_media":8737,"template":"","meta":{"om_disable_all_campaigns":false,"_monsterinsights_skip_tracking":false,"_monsterinsights_sitenote_active":false,"_monsterinsights_sitenote_note":"","_monsterinsights_sitenote_category":0,"_joinchat":[]},"product_cat":[85],"product_tag":[],"class_list":{"0":"post-8671","1":"product","2":"type-product","3":"status-publish","4":"has-post-thumbnail","6":"product_cat-applications","8":"first","9":"instock","10":"shipping-taxable","11":"product-type-external"},"aioseo_notices":[],"_links":{"self":[{"href":"https:\/\/alimkids.net\/tr\/wp-json\/wp\/v2\/product\/8671","targetHints":{"allow":["GET"]}}],"collection":[{"href":"https:\/\/alimkids.net\/tr\/wp-json\/wp\/v2\/product"}],"about":[{"href":"https:\/\/alimkids.net\/tr\/wp-json\/wp\/v2\/types\/product"}],"version-history":[{"count":3,"href":"https:\/\/alimkids.net\/tr\/wp-json\/wp\/v2\/product\/8671\/revisions"}],"predecessor-version":[{"id":8768,"href":"https:\/\/alimkids.net\/tr\/wp-json\/wp\/v2\/product\/8671\/revisions\/8768"}],"wp:featuredmedia":[{"embeddable":true,"href":"https:\/\/alimkids.net\/tr\/wp-json\/wp\/v2\/media\/8737"}],"wp:attachment":[{"href":"https:\/\/alimkids.net\/tr\/wp-json\/wp\/v2\/media?parent=8671"}],"wp:term":[{"taxonomy":"product_cat","embeddable":true,"href":"https:\/\/alimkids.net\/tr\/wp-json\/wp\/v2\/product_cat?post=8671"},{"taxonomy":"product_tag","embeddable":true,"href":"https:\/\/alimkids.net\/tr\/wp-json\/wp\/v2\/product_tag?post=8671"}],"curies":[{"name":"wp","href":"https:\/\/api.w.org\/{rel}","templated":true}]}}