{"id":8706,"date":"2024-03-04T14:37:29","date_gmt":"2024-03-04T11:37:29","guid":{"rendered":"https:\/\/alimkids.net\/?post_type=product&#038;p=8706"},"modified":"2024-03-08T09:46:28","modified_gmt":"2024-03-08T06:46:28","slug":"dini-kitaplar-kutuphanesi","status":"publish","type":"product","link":"https:\/\/alimkids.net\/tr\/urun\/dini-kitaplar-kutuphanesi\/","title":{"rendered":"Dini Kitaplar K\u00fct\u00fcphanesi"},"content":{"rendered":"","protected":false},"excerpt":{"rendered":"<p>Aramay\u0131 sonland\u0131rabilirsiniz. Bu k\u00fct\u00fcphanede dini bilgi olarak arad\u0131klar\u0131n\u0131z\u0131 bulabileceksiniz.<\/p>\n<p>-Dua kitab\u0131 ile, dua etmenin \u00f6nemi, nas\u0131l dua edilir, dua \u00f6rnekleri nelerdir gibi sorular\u0131n cevab\u0131n\u0131 bulabileceksiniz.<br \/>\n-Peygamber efendimiz (SAV) \u2018in ya\u015fam\u0131, arkada\u015flar\u0131, \u00e7ocuklar ile ileti\u015fimi gibi bilgilerin yan\u0131nda di\u011fer peygamberler \u2018in ya\u015famlar\u0131 hakk\u0131nda da bilgi sahibi olabileceksiniz.<br \/>\n-ElifBa ve Tecvid kitab\u0131 ile, Kur\u2019an-\u0131 Kerim okumaya ad\u0131m ad\u0131m ilerleyebileceksiniz.<br \/>\n\u2013 Sureler ve dualar kitab\u0131 ile, hem namazda okunan sureleri \u00f6\u011frenebilecek hem de namazdan sonra okunan sureler ve dualar hakk\u0131nda bilgi sahibi olabileceksiniz.<br \/>\n-Masallar ve hikayeler kitaplar\u0131 ile e\u011flenceli ve ilgin\u00e7 anlar ya\u015fayabileceksiniz.<br \/>\n-Hac kitab\u0131 ile, hac i\u00e7in haz\u0131rl\u0131kta yap\u0131lmas\u0131 gerekenler, hac vazifesinin nas\u0131l yap\u0131ld\u0131\u011f\u0131, kurallar ve gereklilikleri hakk\u0131nda bilgi sahibi olabileceksiniz.<br \/>\n-Namaz hocas\u0131 kitab\u0131 ile, abdest ve gus\u00fcl \u00fcn farzlar\u0131, abdest in al\u0131n\u0131\u015f\u0131, namaz \u2018\u0131n farzlar\u0131 ve camii hakk\u0131nda bilgiler edinebileceksiniz.<br \/>\n-Ramazan geldi oru\u00e7 geldi kitab\u0131 ile, ramazan ay\u0131 hakk\u0131nda t\u00fcm bilgiler ve \u00f6nemli geceler hakk\u0131nda bilgi sahibi olabileceksiniz.<\/p>\n<p>\u0130yi okumalar!<\/p>","protected":false},"featured_media":8739,"template":"","meta":{"om_disable_all_campaigns":false,"_monsterinsights_skip_tracking":false,"_monsterinsights_sitenote_active":false,"_monsterinsights_sitenote_note":"","_monsterinsights_sitenote_category":0,"_joinchat":[]},"product_cat":[85],"product_tag":[],"class_list":{"0":"post-8706","1":"product","2":"type-product","3":"status-publish","4":"has-post-thumbnail","6":"product_cat-applications","8":"first","9":"instock","10":"shipping-taxable","11":"product-type-external"},"aioseo_notices":[],"_links":{"self":[{"href":"https:\/\/alimkids.net\/tr\/wp-json\/wp\/v2\/product\/8706","targetHints":{"allow":["GET"]}}],"collection":[{"href":"https:\/\/alimkids.net\/tr\/wp-json\/wp\/v2\/product"}],"about":[{"href":"https:\/\/alimkids.net\/tr\/wp-json\/wp\/v2\/types\/product"}],"version-history":[{"count":3,"href":"https:\/\/alimkids.net\/tr\/wp-json\/wp\/v2\/product\/8706\/revisions"}],"predecessor-version":[{"id":8766,"href":"https:\/\/alimkids.net\/tr\/wp-json\/wp\/v2\/product\/8706\/revisions\/8766"}],"wp:featuredmedia":[{"embeddable":true,"href":"https:\/\/alimkids.net\/tr\/wp-json\/wp\/v2\/media\/8739"}],"wp:attachment":[{"href":"https:\/\/alimkids.net\/tr\/wp-json\/wp\/v2\/media?parent=8706"}],"wp:term":[{"taxonomy":"product_cat","embeddable":true,"href":"https:\/\/alimkids.net\/tr\/wp-json\/wp\/v2\/product_cat?post=8706"},{"taxonomy":"product_tag","embeddable":true,"href":"https:\/\/alimkids.net\/tr\/wp-json\/wp\/v2\/product_tag?post=8706"}],"curies":[{"name":"wp","href":"https:\/\/api.w.org\/{rel}","templated":true}]}}