{"id":8707,"date":"2024-03-04T14:37:29","date_gmt":"2024-03-04T11:37:29","guid":{"rendered":"https:\/\/alimkids.net\/?post_type=product&#038;p=8707"},"modified":"2024-03-08T09:38:18","modified_gmt":"2024-03-08T06:38:18","slug":"kuran-i-kerim","status":"publish","type":"product","link":"https:\/\/alimkids.net\/tr\/urun\/kuran-i-kerim\/","title":{"rendered":"Kur\u2019an-\u0131 Kerim"},"content":{"rendered":"","protected":false},"excerpt":{"rendered":"<p>Kutsal kitab\u0131m\u0131z Kur\u2019an-\u0131 Kerim hakk\u0131nda ne \u00f6\u011frenmek isterseniz her \u015fey bu uygulamada.<\/p>\n<p>\u2013 Elif-ba ile tecvidli kuran \u00f6\u011frenme \u015fans\u0131 yakalay\u0131n.<br \/>\n\u2013 Kuran da ayet aray\u0131n ve bulun.<br \/>\n\u2013 Ayetler hakk\u0131nda ayr\u0131nt\u0131l\u0131 meal ve tefsir bilgileri edinin.<br \/>\n\u2013 Dinimiz ile ilgili merak edilen bilgileri konu ba\u015fl\u0131klar\u0131 halinde g\u00f6r\u00fcnt\u00fcleyin ve cevaplar\u0131n\u0131z\u0131 al\u0131n.<br \/>\n\u2013 Bir\u00e7ok farkl\u0131 hoca sesleri ile Kur\u2019an-\u0131 Kerimi dinleyin \u00f6\u011frenin.<\/p>","protected":false},"featured_media":8741,"template":"","meta":{"om_disable_all_campaigns":false,"_monsterinsights_skip_tracking":false,"_monsterinsights_sitenote_active":false,"_monsterinsights_sitenote_note":"","_monsterinsights_sitenote_category":0,"_joinchat":[]},"product_cat":[85],"product_tag":[],"class_list":{"0":"post-8707","1":"product","2":"type-product","3":"status-publish","4":"has-post-thumbnail","6":"product_cat-applications","8":"first","9":"instock","10":"shipping-taxable","11":"product-type-external"},"aioseo_notices":[],"_links":{"self":[{"href":"https:\/\/alimkids.net\/tr\/wp-json\/wp\/v2\/product\/8707","targetHints":{"allow":["GET"]}}],"collection":[{"href":"https:\/\/alimkids.net\/tr\/wp-json\/wp\/v2\/product"}],"about":[{"href":"https:\/\/alimkids.net\/tr\/wp-json\/wp\/v2\/types\/product"}],"version-history":[{"count":3,"href":"https:\/\/alimkids.net\/tr\/wp-json\/wp\/v2\/product\/8707\/revisions"}],"predecessor-version":[{"id":8763,"href":"https:\/\/alimkids.net\/tr\/wp-json\/wp\/v2\/product\/8707\/revisions\/8763"}],"wp:featuredmedia":[{"embeddable":true,"href":"https:\/\/alimkids.net\/tr\/wp-json\/wp\/v2\/media\/8741"}],"wp:attachment":[{"href":"https:\/\/alimkids.net\/tr\/wp-json\/wp\/v2\/media?parent=8707"}],"wp:term":[{"taxonomy":"product_cat","embeddable":true,"href":"https:\/\/alimkids.net\/tr\/wp-json\/wp\/v2\/product_cat?post=8707"},{"taxonomy":"product_tag","embeddable":true,"href":"https:\/\/alimkids.net\/tr\/wp-json\/wp\/v2\/product_tag?post=8707"}],"curies":[{"name":"wp","href":"https:\/\/api.w.org\/{rel}","templated":true}]}}