{"id":8708,"date":"2024-03-04T14:37:29","date_gmt":"2024-03-04T11:37:29","guid":{"rendered":"https:\/\/alimkids.net\/?post_type=product&#038;p=8708"},"modified":"2024-03-04T14:37:46","modified_gmt":"2024-03-04T11:37:46","slug":"test-urunu","status":"publish","type":"product","link":"https:\/\/alimkids.net\/tr\/urun\/test-urunu\/","title":{"rendered":"test \u00fcr\u00fcn\u00fc"},"content":{"rendered":"","protected":false},"excerpt":{"rendered":"","protected":false},"featured_media":0,"template":"","meta":{"om_disable_all_campaigns":false,"_monsterinsights_skip_tracking":false,"_monsterinsights_sitenote_active":false,"_monsterinsights_sitenote_note":"","_monsterinsights_sitenote_category":0,"_joinchat":[]},"product_cat":[72],"product_tag":[],"class_list":{"0":"post-8708","1":"product","2":"type-product","3":"status-publish","5":"product_cat-uygulama","7":"first","8":"instock","9":"downloadable","10":"virtual","11":"purchasable","12":"product-type-simple"},"aioseo_notices":[],"_links":{"self":[{"href":"https:\/\/alimkids.net\/tr\/wp-json\/wp\/v2\/product\/8708","targetHints":{"allow":["GET"]}}],"collection":[{"href":"https:\/\/alimkids.net\/tr\/wp-json\/wp\/v2\/product"}],"about":[{"href":"https:\/\/alimkids.net\/tr\/wp-json\/wp\/v2\/types\/product"}],"version-history":[{"count":1,"href":"https:\/\/alimkids.net\/tr\/wp-json\/wp\/v2\/product\/8708\/revisions"}],"predecessor-version":[{"id":8743,"href":"https:\/\/alimkids.net\/tr\/wp-json\/wp\/v2\/product\/8708\/revisions\/8743"}],"wp:attachment":[{"href":"https:\/\/alimkids.net\/tr\/wp-json\/wp\/v2\/media?parent=8708"}],"wp:term":[{"taxonomy":"product_cat","embeddable":true,"href":"https:\/\/alimkids.net\/tr\/wp-json\/wp\/v2\/product_cat?post=8708"},{"taxonomy":"product_tag","embeddable":true,"href":"https:\/\/alimkids.net\/tr\/wp-json\/wp\/v2\/product_tag?post=8708"}],"curies":[{"name":"wp","href":"https:\/\/api.w.org\/{rel}","templated":true}]}}